{"id":498,"date":"2024-09-15T18:18:21","date_gmt":"2024-09-15T22:18:21","guid":{"rendered":"https:\/\/www.enterprisetemiskaming.ca\/?page_id=498"},"modified":"2025-03-09T12:51:29","modified_gmt":"2025-03-09T16:51:29","slug":"summer-company","status":"publish","type":"page","link":"https:\/\/www.enterprisetemiskaming.ca\/fr\/summer-company\/","title":{"rendered":"ENTREPRISE D\u2019\u00c9T\u00c9"},"content":{"rendered":"<div data-elementor-type=\"wp-page\" data-elementor-id=\"498\" class=\"elementor elementor-498\">\n\t\t\t\t\t\t<section class=\"elementor-section elementor-top-section elementor-element elementor-element-058c68b elementor-section-boxed elementor-section-height-default elementor-section-height-default wpr-particle-no wpr-jarallax-no wpr-parallax-no wpr-sticky-section-no\" data-id=\"058c68b\" data-element_type=\"section\">\n\t\t\t\t\t\t<div class=\"elementor-container elementor-column-gap-default\">\n\t\t\t\t\t<div class=\"elementor-column elementor-col-100 elementor-top-column elementor-element elementor-element-c813e52\" data-id=\"c813e52\" data-element_type=\"column\">\n\t\t\t<div class=\"elementor-widget-wrap elementor-element-populated\">\n\t\t\t\t\t\t<div class=\"elementor-element elementor-element-dcefa20 elementor-widget elementor-widget-image\" data-id=\"dcefa20\" data-element_type=\"widget\" data-widget_type=\"image.default\">\n\t\t\t\t<div class=\"elementor-widget-container\">\n\t\t\t\t\t\t\t\t\t\t\t\t\t\t\t<img fetchpriority=\"high\" decoding=\"async\" width=\"1366\" height=\"450\" src=\"https:\/\/www.enterprisetemiskaming.ca\/wp-content\/uploads\/2024\/09\/PROGRAMS-3.png\" class=\"attachment-full size-full wp-image-500\" alt=\"\" srcset=\"https:\/\/www.enterprisetemiskaming.ca\/wp-content\/uploads\/2024\/09\/PROGRAMS-3.png 1366w, https:\/\/www.enterprisetemiskaming.ca\/wp-content\/uploads\/2024\/09\/PROGRAMS-3-300x99.png 300w, https:\/\/www.enterprisetemiskaming.ca\/wp-content\/uploads\/2024\/09\/PROGRAMS-3-1024x337.png 1024w, https:\/\/www.enterprisetemiskaming.ca\/wp-content\/uploads\/2024\/09\/PROGRAMS-3-768x253.png 768w\" sizes=\"(max-width: 1366px) 100vw, 1366px\" \/>\t\t\t\t\t\t\t\t\t\t\t\t\t\t\t<\/div>\n\t\t\t\t<\/div>\n\t\t\t\t\t<\/div>\n\t\t<\/div>\n\t\t\t\t\t<\/div>\n\t\t<\/section>\n\t\t\t\t<section class=\"elementor-section elementor-top-section elementor-element elementor-element-352a01d elementor-section-boxed elementor-section-height-default elementor-section-height-default wpr-particle-no wpr-jarallax-no wpr-parallax-no wpr-sticky-section-no\" data-id=\"352a01d\" data-element_type=\"section\">\n\t\t\t\t\t\t<div class=\"elementor-container elementor-column-gap-default\">\n\t\t\t\t\t<div class=\"elementor-column elementor-col-100 elementor-top-column elementor-element elementor-element-1976f00\" data-id=\"1976f00\" data-element_type=\"column\">\n\t\t\t<div class=\"elementor-widget-wrap elementor-element-populated\">\n\t\t\t\t\t\t<div class=\"elementor-element elementor-element-12bd137 elementor-widget elementor-widget-spacer\" data-id=\"12bd137\" data-element_type=\"widget\" data-widget_type=\"spacer.default\">\n\t\t\t\t<div class=\"elementor-widget-container\">\n\t\t\t\t\t\t\t<div class=\"elementor-spacer\">\n\t\t\t<div class=\"elementor-spacer-inner\"><\/div>\n\t\t<\/div>\n\t\t\t\t\t\t<\/div>\n\t\t\t\t<\/div>\n\t\t\t\t\t<\/div>\n\t\t<\/div>\n\t\t\t\t\t<\/div>\n\t\t<\/section>\n\t\t\t\t<section class=\"elementor-section elementor-top-section elementor-element elementor-element-f2e80a4 elementor-section-boxed elementor-section-height-default elementor-section-height-default wpr-particle-no wpr-jarallax-no wpr-parallax-no wpr-sticky-section-no\" data-id=\"f2e80a4\" data-element_type=\"section\">\n\t\t\t\t\t\t<div class=\"elementor-container elementor-column-gap-default\">\n\t\t\t\t\t<div class=\"elementor-column elementor-col-100 elementor-top-column elementor-element elementor-element-7b19e1a\" data-id=\"7b19e1a\" data-element_type=\"column\">\n\t\t\t<div class=\"elementor-widget-wrap elementor-element-populated\">\n\t\t\t\t\t\t<div class=\"elementor-element elementor-element-6c530d0 elementor-widget elementor-widget-text-editor\" data-id=\"6c530d0\" data-element_type=\"widget\" data-widget_type=\"text-editor.default\">\n\t\t\t\t<div class=\"elementor-widget-container\">\n\t\t\t\t\t\t\t\t\t<p><span style=\"font-weight: 400;\">Le programme Entreprise d'\u00e9t\u00e9 offre aux personnes de 15 \u00e0 29 ans la possibilit\u00e9 de lancer leur propre petite entreprise pendant les mois d'\u00e9t\u00e9. Les participants recevront un financement de 3 000 $ pour couvrir les frais de d\u00e9marrage de leur entreprise.<\/span><\/p>\t\t\t\t\t\t\t\t<\/div>\n\t\t\t\t<\/div>\n\t\t\t\t\t<\/div>\n\t\t<\/div>\n\t\t\t\t\t<\/div>\n\t\t<\/section>\n\t\t\t\t<section class=\"elementor-section elementor-top-section elementor-element elementor-element-3da0aa1 elementor-section-boxed elementor-section-height-default elementor-section-height-default wpr-particle-no wpr-jarallax-no wpr-parallax-no wpr-sticky-section-no\" data-id=\"3da0aa1\" data-element_type=\"section\" data-settings=\"{&quot;background_background&quot;:&quot;classic&quot;}\">\n\t\t\t\t\t\t<div class=\"elementor-container elementor-column-gap-default\">\n\t\t\t\t\t<div class=\"elementor-column elementor-col-100 elementor-top-column elementor-element elementor-element-cea1b65\" data-id=\"cea1b65\" data-element_type=\"column\">\n\t\t\t<div class=\"elementor-widget-wrap elementor-element-populated\">\n\t\t\t\t\t\t<div class=\"elementor-element elementor-element-89ec827 elementor-widget elementor-widget-spacer\" data-id=\"89ec827\" data-element_type=\"widget\" data-widget_type=\"spacer.default\">\n\t\t\t\t<div class=\"elementor-widget-container\">\n\t\t\t\t\t\t\t<div class=\"elementor-spacer\">\n\t\t\t<div class=\"elementor-spacer-inner\"><\/div>\n\t\t<\/div>\n\t\t\t\t\t\t<\/div>\n\t\t\t\t<\/div>\n\t\t\t\t<div class=\"elementor-element elementor-element-875685e elementor-widget elementor-widget-heading\" data-id=\"875685e\" data-element_type=\"widget\" data-widget_type=\"heading.default\">\n\t\t\t\t<div class=\"elementor-widget-container\">\n\t\t\t\t\t<h2 class=\"elementor-heading-title elementor-size-default\">CE QUE VOUS GAGNEREZ DE CE PROGRAMME :<\/h2>\t\t\t\t<\/div>\n\t\t\t\t<\/div>\n\t\t\t\t<div class=\"elementor-element elementor-element-f74f94f elementor-widget elementor-widget-text-editor\" data-id=\"f74f94f\" data-element_type=\"widget\" data-widget_type=\"text-editor.default\">\n\t\t\t\t<div class=\"elementor-widget-container\">\n\t\t\t\t\t\t\t\t\t<ul><li><span style=\"font-weight: 400;\">Financement pour lancer votre entreprise d'\u00e9t\u00e9.<\/span><\/li><li style=\"font-weight: 400;\" aria-level=\"1\"><span style=\"font-weight: 400;\">Acc\u00e8s \u00e0 des informations et \u00e0 une formation en perfectionnement professionnel offertes par les membres de l'\u00e9quipe d'Enterprise Temiskaming et d'autres (si possible) qui sont comp\u00e9tents dans leur domaine.<\/span><\/li><li style=\"font-weight: 400;\" aria-level=\"1\"><span style=\"font-weight: 400;\">Orientation et mentorat de chefs d'entreprise locaux pour vous aider \u00e0 \u00e9tablir et \u00e0 exploiter votre entreprise.<\/span><\/li><\/ul>\t\t\t\t\t\t\t\t<\/div>\n\t\t\t\t<\/div>\n\t\t\t\t<div class=\"elementor-element elementor-element-1539788 elementor-widget elementor-widget-spacer\" data-id=\"1539788\" data-element_type=\"widget\" data-widget_type=\"spacer.default\">\n\t\t\t\t<div class=\"elementor-widget-container\">\n\t\t\t\t\t\t\t<div class=\"elementor-spacer\">\n\t\t\t<div class=\"elementor-spacer-inner\"><\/div>\n\t\t<\/div>\n\t\t\t\t\t\t<\/div>\n\t\t\t\t<\/div>\n\t\t\t\t\t<\/div>\n\t\t<\/div>\n\t\t\t\t\t<\/div>\n\t\t<\/section>\n\t\t\t\t<section class=\"elementor-section elementor-top-section elementor-element elementor-element-5013d8a elementor-section-boxed elementor-section-height-default elementor-section-height-default wpr-particle-no wpr-jarallax-no wpr-parallax-no wpr-sticky-section-no\" data-id=\"5013d8a\" data-element_type=\"section\" data-settings=\"{&quot;background_background&quot;:&quot;classic&quot;}\">\n\t\t\t\t\t\t<div class=\"elementor-container elementor-column-gap-default\">\n\t\t\t\t\t<div class=\"elementor-column elementor-col-100 elementor-top-column elementor-element elementor-element-b160de0\" data-id=\"b160de0\" data-element_type=\"column\">\n\t\t\t<div class=\"elementor-widget-wrap elementor-element-populated\">\n\t\t\t\t\t\t<div class=\"elementor-element elementor-element-6034167 elementor-widget elementor-widget-spacer\" data-id=\"6034167\" data-element_type=\"widget\" data-widget_type=\"spacer.default\">\n\t\t\t\t<div class=\"elementor-widget-container\">\n\t\t\t\t\t\t\t<div class=\"elementor-spacer\">\n\t\t\t<div class=\"elementor-spacer-inner\"><\/div>\n\t\t<\/div>\n\t\t\t\t\t\t<\/div>\n\t\t\t\t<\/div>\n\t\t\t\t<div class=\"elementor-element elementor-element-4fa2a3a elementor-widget elementor-widget-heading\" data-id=\"4fa2a3a\" data-element_type=\"widget\" data-widget_type=\"heading.default\">\n\t\t\t\t<div class=\"elementor-widget-container\">\n\t\t\t\t\t<h2 class=\"elementor-heading-title elementor-size-default\">CONDITIONS D'ADMISSIBILIT\u00c9 :<\/h2>\t\t\t\t<\/div>\n\t\t\t\t<\/div>\n\t\t\t\t<div class=\"elementor-element elementor-element-0359858 elementor-widget elementor-widget-text-editor\" data-id=\"0359858\" data-element_type=\"widget\" data-widget_type=\"text-editor.default\">\n\t\t\t\t<div class=\"elementor-widget-container\">\n\t\t\t\t\t\t\t\t\t<p><span style=\"font-weight: 400;\">Pour \u00eatre admissible au programme, vous devez :<\/span><\/p><ul><li style=\"font-weight: 400;\" aria-level=\"1\"><span style=\"font-weight: 400;\">\u00catre inscrit \u00e0 l'\u00e9cole secondaire, au coll\u00e8ge, \u00e0 l'universit\u00e9 ou \u00e0 l'enseignement en ligne en Ontario.<\/span><\/li><li style=\"font-weight: 400;\" aria-level=\"1\"><span style=\"font-weight: 400;\">\u00catre r\u00e9sident de l'Ontario et citoyen canadien.<\/span><\/li><li style=\"font-weight: 400;\" aria-level=\"1\"><span style=\"font-weight: 400;\">\u00catre \u00e2g\u00e9 de 15 \u00e0 29 ans (les candidats de moins de 18 ans doivent obtenir le consentement des parents ou du tuteur).<\/span><\/li><li style=\"font-weight: 400;\" aria-level=\"1\"><span style=\"font-weight: 400;\">Ne pas exploiter actuellement d'entreprise.<\/span><\/li><li style=\"font-weight: 400;\" aria-level=\"1\"><span style=\"font-weight: 400;\">Ne pas travailler plus de 12 heures par semaine dans un autre emploi pendant le programme.<\/span><\/li><li style=\"font-weight: 400;\" aria-level=\"1\"><span style=\"font-weight: 400;\">vous retournez \u00e0 l\u2019\u00e9cole \u00e0 la fin du programme.<\/span><\/li><\/ul><p>\u00a0<\/p><p>Les personnes qui ont d\u00e9j\u00e0 re\u00e7u une subvention Summer Company ne peuvent pas pr\u00e9senter une nouvelle demande. Toutefois, si les personnes souhaitant participer ont tent\u00e9 de pr\u00e9senter une nouvelle demande dans le pass\u00e9, mais n'ont pas obtenu de poste dans le pass\u00e9, elles sont invit\u00e9es \u00e0 pr\u00e9senter une nouvelle demande.<\/p>\t\t\t\t\t\t\t\t<\/div>\n\t\t\t\t<\/div>\n\t\t\t\t<div class=\"elementor-element elementor-element-fa97f12 elementor-widget elementor-widget-text-editor\" data-id=\"fa97f12\" data-element_type=\"widget\" data-widget_type=\"text-editor.default\">\n\t\t\t\t<div class=\"elementor-widget-container\">\n\t\t\t\t\t\t\t\t\t<p><span id=\"docs-internal-guid-e846b0a5-7fff-483c-a746-72c7ff1009ee\"><span style=\"font-size: 12pt; font-family: Arial, sans-serif; font-variant-ligatures: normal; font-variant-alternates: normal; font-variant-numeric: normal; font-variant-east-asian: normal; font-variant-position: normal; vertical-align: baseline; white-space: pre-wrap;\">Les candidats retenus recevront une subvention initiale pouvant aller jusqu'\u00e0 1 500 $ pour lancer leur entreprise, et 1 500 $ suppl\u00e9mentaires leur seront vers\u00e9s une fois toutes les exigences du programme remplies et apr\u00e8s avoir rempli leurs ententes contractuelles avec le minist\u00e8re qui finance le projet et l'organisme qui soutient le participant (Enterprise Temiskaming).<\/span><\/span><\/p>\t\t\t\t\t\t\t\t<\/div>\n\t\t\t\t<\/div>\n\t\t\t\t\t<\/div>\n\t\t<\/div>\n\t\t\t\t\t<\/div>\n\t\t<\/section>\n\t\t\t\t<section class=\"elementor-section elementor-top-section elementor-element elementor-element-b9d5361 elementor-section-boxed elementor-section-height-default elementor-section-height-default wpr-particle-no wpr-jarallax-no wpr-parallax-no wpr-sticky-section-no\" data-id=\"b9d5361\" data-element_type=\"section\">\n\t\t\t\t\t\t<div class=\"elementor-container elementor-column-gap-default\">\n\t\t\t\t\t<div class=\"elementor-column elementor-col-100 elementor-top-column elementor-element elementor-element-bcbc410\" data-id=\"bcbc410\" data-element_type=\"column\">\n\t\t\t<div class=\"elementor-widget-wrap elementor-element-populated\">\n\t\t\t\t\t\t<div class=\"elementor-element elementor-element-5239a2a elementor-align-center elementor-widget elementor-widget-button\" data-id=\"5239a2a\" data-element_type=\"widget\" data-widget_type=\"button.default\">\n\t\t\t\t<div class=\"elementor-widget-container\">\n\t\t\t\t\t\t\t\t\t<div class=\"elementor-button-wrapper\">\n\t\t\t\t\t<a class=\"elementor-button elementor-button-link elementor-size-sm\" href=\"https:\/\/www.ontario.ca\/document\/summer-company-yearbook\">\n\t\t\t\t\t\t<span class=\"elementor-button-content-wrapper\">\n\t\t\t\t\t\t\t\t\t<span class=\"elementor-button-text\">Summer Company Yearbook<\/span>\n\t\t\t\t\t<\/span>\n\t\t\t\t\t<\/a>\n\t\t\t\t<\/div>\n\t\t\t\t\t\t\t\t<\/div>\n\t\t\t\t<\/div>\n\t\t\t\t\t<\/div>\n\t\t<\/div>\n\t\t\t\t\t<\/div>\n\t\t<\/section>\n\t\t\t\t<\/div>","protected":false},"excerpt":{"rendered":"<p>Summer Company offers individuals aged 15 to 29 the chance to launch their own small business during the summer months. Participants will receive $3000 in funding to cover start-up expenses for their business venture. WHAT YOU WILL GAIN FROM THIS PROGRAM: Funding to kickstart your summer business. Access to Professional Development information and education offered by the Enterprise Temiskaming team members and more (if possible) that are proficient in their fields. Guidance and mentorship from local business leaders to help establish and operate your business. ELIGIBILITY REQUIREMENTS: To qualify for the program, you must: Be enrolled in high school, college, university or online schooling in Ontario. Be a resident of Ontario and a Canadian citizen. Fall within the age range of 15 to 29 (applicants under 18 require parental or guardian consent). Not currently operating a business. Not working more than 12 hours per week in another job during the program. Intend to return to school after the program concludes. \u00a0 Individuals who have previously received a Summer Company grant are ineligible to reapply, however if individuals who are looking to participate have attempted to apply in the past, but have not secured a position in the past, they are welcome to re-apply. Successful applicants will receive an initial grant of up to $1,500 to launch their business, with an additional $1,500 provided upon completion of all program requirements and fulfillment of their contractual agreements with both the Ministry funding the project and the agency supporting the participant (Enterprise Temiskaming). Summer Company Yearbook<\/p>","protected":false},"author":3454,"featured_media":0,"parent":0,"menu_order":0,"comment_status":"closed","ping_status":"closed","template":"elementor_header_footer","meta":{"footnotes":""},"class_list":["post-498","page","type-page","status-publish","hentry"],"_links":{"self":[{"href":"https:\/\/www.enterprisetemiskaming.ca\/fr\/wp-json\/wp\/v2\/pages\/498","targetHints":{"allow":["GET"]}}],"collection":[{"href":"https:\/\/www.enterprisetemiskaming.ca\/fr\/wp-json\/wp\/v2\/pages"}],"about":[{"href":"https:\/\/www.enterprisetemiskaming.ca\/fr\/wp-json\/wp\/v2\/types\/page"}],"author":[{"embeddable":true,"href":"https:\/\/www.enterprisetemiskaming.ca\/fr\/wp-json\/wp\/v2\/users\/3454"}],"replies":[{"embeddable":true,"href":"https:\/\/www.enterprisetemiskaming.ca\/fr\/wp-json\/wp\/v2\/comments?post=498"}],"version-history":[{"count":16,"href":"https:\/\/www.enterprisetemiskaming.ca\/fr\/wp-json\/wp\/v2\/pages\/498\/revisions"}],"predecessor-version":[{"id":1442,"href":"https:\/\/www.enterprisetemiskaming.ca\/fr\/wp-json\/wp\/v2\/pages\/498\/revisions\/1442"}],"wp:attachment":[{"href":"https:\/\/www.enterprisetemiskaming.ca\/fr\/wp-json\/wp\/v2\/media?parent=498"}],"curies":[{"name":"wp","href":"https:\/\/api.w.org\/{rel}","templated":true}]}}