{"id":478,"date":"2024-09-15T17:35:41","date_gmt":"2024-09-15T21:35:41","guid":{"rendered":"https:\/\/www.enterprisetemiskaming.ca\/?page_id=478"},"modified":"2025-01-18T17:23:10","modified_gmt":"2025-01-18T21:23:10","slug":"programs","status":"publish","type":"page","link":"https:\/\/www.enterprisetemiskaming.ca\/fr\/programs\/","title":{"rendered":"programmes"},"content":{"rendered":"<div data-elementor-type=\"wp-page\" data-elementor-id=\"478\" class=\"elementor elementor-478\">\n\t\t\t\t\t\t<section class=\"elementor-section elementor-top-section elementor-element elementor-element-31dae7f elementor-section-boxed elementor-section-height-default elementor-section-height-default wpr-particle-no wpr-jarallax-no wpr-parallax-no wpr-sticky-section-no\" data-id=\"31dae7f\" data-element_type=\"section\">\n\t\t\t\t\t\t<div class=\"elementor-container elementor-column-gap-default\">\n\t\t\t\t\t<div class=\"elementor-column elementor-col-100 elementor-top-column elementor-element elementor-element-e114032\" data-id=\"e114032\" data-element_type=\"column\">\n\t\t\t<div class=\"elementor-widget-wrap elementor-element-populated\">\n\t\t\t\t\t\t<div class=\"elementor-element elementor-element-8ee24a5 elementor-widget elementor-widget-image\" data-id=\"8ee24a5\" data-element_type=\"widget\" data-widget_type=\"image.default\">\n\t\t\t\t<div class=\"elementor-widget-container\">\n\t\t\t\t\t\t\t\t\t\t\t\t\t\t\t<img fetchpriority=\"high\" decoding=\"async\" width=\"1920\" height=\"700\" src=\"https:\/\/www.enterprisetemiskaming.ca\/wp-content\/uploads\/2025\/02\/1-1.png\" class=\"attachment-full size-full wp-image-1182\" alt=\"\" srcset=\"https:\/\/www.enterprisetemiskaming.ca\/wp-content\/uploads\/2025\/02\/1-1.png 1920w, https:\/\/www.enterprisetemiskaming.ca\/wp-content\/uploads\/2025\/02\/1-1-300x109.png 300w, https:\/\/www.enterprisetemiskaming.ca\/wp-content\/uploads\/2025\/02\/1-1-1024x373.png 1024w, https:\/\/www.enterprisetemiskaming.ca\/wp-content\/uploads\/2025\/02\/1-1-768x280.png 768w, https:\/\/www.enterprisetemiskaming.ca\/wp-content\/uploads\/2025\/02\/1-1-1536x560.png 1536w, https:\/\/www.enterprisetemiskaming.ca\/wp-content\/uploads\/2025\/02\/1-1-18x7.png 18w\" sizes=\"(max-width: 1920px) 100vw, 1920px\" \/>\t\t\t\t\t\t\t\t\t\t\t\t\t\t\t<\/div>\n\t\t\t\t<\/div>\n\t\t\t\t\t<\/div>\n\t\t<\/div>\n\t\t\t\t\t<\/div>\n\t\t<\/section>\n\t\t\t\t<section class=\"elementor-section elementor-top-section elementor-element elementor-element-d0497c8 elementor-section-boxed elementor-section-height-default elementor-section-height-default wpr-particle-no wpr-jarallax-no wpr-parallax-no wpr-sticky-section-no\" data-id=\"d0497c8\" data-element_type=\"section\">\n\t\t\t\t\t\t<div class=\"elementor-container elementor-column-gap-default\">\n\t\t\t\t\t<div class=\"elementor-column elementor-col-100 elementor-top-column elementor-element elementor-element-16f78e4\" data-id=\"16f78e4\" data-element_type=\"column\">\n\t\t\t<div class=\"elementor-widget-wrap elementor-element-populated\">\n\t\t\t\t\t\t<div class=\"elementor-element elementor-element-2f95231 elementor-widget elementor-widget-spacer\" data-id=\"2f95231\" data-element_type=\"widget\" data-widget_type=\"spacer.default\">\n\t\t\t\t<div class=\"elementor-widget-container\">\n\t\t\t\t\t\t\t<div class=\"elementor-spacer\">\n\t\t\t<div class=\"elementor-spacer-inner\"><\/div>\n\t\t<\/div>\n\t\t\t\t\t\t<\/div>\n\t\t\t\t<\/div>\n\t\t\t\t\t<\/div>\n\t\t<\/div>\n\t\t\t\t\t<\/div>\n\t\t<\/section>\n\t\t\t\t<section class=\"elementor-section elementor-top-section elementor-element elementor-element-8c805de elementor-section-boxed elementor-section-height-default elementor-section-height-default wpr-particle-no wpr-jarallax-no wpr-parallax-no wpr-sticky-section-no\" data-id=\"8c805de\" data-element_type=\"section\">\n\t\t\t\t\t\t<div class=\"elementor-container elementor-column-gap-default\">\n\t\t\t\t\t<div class=\"elementor-column elementor-col-33 elementor-top-column elementor-element elementor-element-4d9ba72\" data-id=\"4d9ba72\" data-element_type=\"column\">\n\t\t\t<div class=\"elementor-widget-wrap elementor-element-populated\">\n\t\t\t\t\t\t<div class=\"elementor-element elementor-element-6003c94 elementor-widget elementor-widget-image\" data-id=\"6003c94\" data-element_type=\"widget\" data-widget_type=\"image.default\">\n\t\t\t\t<div class=\"elementor-widget-container\">\n\t\t\t\t\t\t\t\t\t\t\t\t\t\t\t<img decoding=\"async\" width=\"800\" height=\"800\" src=\"https:\/\/www.enterprisetemiskaming.ca\/wp-content\/uploads\/2024\/09\/Untitled-design-218-1024x1024.png\" class=\"attachment-large size-large wp-image-484\" alt=\"\" srcset=\"https:\/\/www.enterprisetemiskaming.ca\/wp-content\/uploads\/2024\/09\/Untitled-design-218-1024x1024.png 1024w, https:\/\/www.enterprisetemiskaming.ca\/wp-content\/uploads\/2024\/09\/Untitled-design-218-300x300.png 300w, https:\/\/www.enterprisetemiskaming.ca\/wp-content\/uploads\/2024\/09\/Untitled-design-218-150x150.png 150w, https:\/\/www.enterprisetemiskaming.ca\/wp-content\/uploads\/2024\/09\/Untitled-design-218-768x768.png 768w, https:\/\/www.enterprisetemiskaming.ca\/wp-content\/uploads\/2024\/09\/Untitled-design-218.png 1080w\" sizes=\"(max-width: 800px) 100vw, 800px\" \/>\t\t\t\t\t\t\t\t\t\t\t\t\t\t\t<\/div>\n\t\t\t\t<\/div>\n\t\t\t\t\t<\/div>\n\t\t<\/div>\n\t\t\t\t<div class=\"elementor-column elementor-col-66 elementor-top-column elementor-element elementor-element-4fb6026\" data-id=\"4fb6026\" data-element_type=\"column\">\n\t\t\t<div class=\"elementor-widget-wrap elementor-element-populated\">\n\t\t\t\t\t\t<div class=\"elementor-element elementor-element-b8ec587 elementor-widget elementor-widget-heading\" data-id=\"b8ec587\" data-element_type=\"widget\" data-widget_type=\"heading.default\">\n\t\t\t\t<div class=\"elementor-widget-container\">\n\t\t\t\t\t<h2 class=\"elementor-heading-title elementor-size-default\">ENTREPRISE EN D\u00c9MARRAGE PLUS<\/h2>\t\t\t\t<\/div>\n\t\t\t\t<\/div>\n\t\t\t\t<div class=\"elementor-element elementor-element-2582f74 elementor-widget elementor-widget-text-editor\" data-id=\"2582f74\" data-element_type=\"widget\" data-widget_type=\"text-editor.default\">\n\t\t\t\t<div class=\"elementor-widget-container\">\n\t\t\t\t\t\t\t\t\t<p>Le programme Entreprise en d\u00e9marrage Plus est une initiative d\u2019entrepreneuriat compl\u00e8te con\u00e7ue pour les r\u00e9sidents de l\u2019Ontario \u00e2g\u00e9s de 18 ans et plus qui ne sont pas aux \u00e9tudes ou qui n\u2019ont pas d\u2019emploi \u00e0 temps plein. Ce programme gratuit offre aux participants des ateliers utiles, du mentorat et la possibilit\u00e9 d\u2019\u00e9laborer un plan d\u2019affaires solide. Les participants retenus peuvent concourir pour un financement pouvant atteindre 5 000 $. Restez \u00e0 l\u2019\u00e9coute de nos r\u00e9seaux sociaux pour des mises \u00e0 jour sur les dates d\u2019inscription et les d\u00e9tails du programme.<\/p>\t\t\t\t\t\t\t\t<\/div>\n\t\t\t\t<\/div>\n\t\t\t\t<div class=\"elementor-element elementor-element-b1f6853 elementor-widget elementor-widget-button\" data-id=\"b1f6853\" data-element_type=\"widget\" data-widget_type=\"button.default\">\n\t\t\t\t<div class=\"elementor-widget-container\">\n\t\t\t\t\t\t\t\t\t<div class=\"elementor-button-wrapper\">\n\t\t\t\t\t<a class=\"elementor-button elementor-button-link elementor-size-sm\" href=\"https:\/\/www.enterprisetemiskaming.ca\/fr\/starter-company-plus\/\">\n\t\t\t\t\t\t<span class=\"elementor-button-content-wrapper\">\n\t\t\t\t\t\t\t\t\t<span class=\"elementor-button-text\">Apprends encore plus<\/span>\n\t\t\t\t\t<\/span>\n\t\t\t\t\t<\/a>\n\t\t\t\t<\/div>\n\t\t\t\t\t\t\t\t<\/div>\n\t\t\t\t<\/div>\n\t\t\t\t\t<\/div>\n\t\t<\/div>\n\t\t\t\t\t<\/div>\n\t\t<\/section>\n\t\t\t\t<section class=\"elementor-section elementor-top-section elementor-element elementor-element-7660f4c elementor-section-boxed elementor-section-height-default elementor-section-height-default wpr-particle-no wpr-jarallax-no wpr-parallax-no wpr-sticky-section-no\" data-id=\"7660f4c\" data-element_type=\"section\">\n\t\t\t\t\t\t<div class=\"elementor-container elementor-column-gap-default\">\n\t\t\t\t\t<div class=\"elementor-column elementor-col-100 elementor-top-column elementor-element elementor-element-d0b003c\" data-id=\"d0b003c\" data-element_type=\"column\">\n\t\t\t<div class=\"elementor-widget-wrap elementor-element-populated\">\n\t\t\t\t\t\t<div class=\"elementor-element elementor-element-0bf3173 elementor-widget elementor-widget-spacer\" data-id=\"0bf3173\" data-element_type=\"widget\" data-widget_type=\"spacer.default\">\n\t\t\t\t<div class=\"elementor-widget-container\">\n\t\t\t\t\t\t\t<div class=\"elementor-spacer\">\n\t\t\t<div class=\"elementor-spacer-inner\"><\/div>\n\t\t<\/div>\n\t\t\t\t\t\t<\/div>\n\t\t\t\t<\/div>\n\t\t\t\t\t<\/div>\n\t\t<\/div>\n\t\t\t\t\t<\/div>\n\t\t<\/section>\n\t\t\t\t<section class=\"elementor-section elementor-top-section elementor-element elementor-element-7347004 elementor-section-boxed elementor-section-height-default elementor-section-height-default wpr-particle-no wpr-jarallax-no wpr-parallax-no wpr-sticky-section-no\" data-id=\"7347004\" data-element_type=\"section\" data-settings=\"{&quot;background_background&quot;:&quot;classic&quot;}\">\n\t\t\t\t\t\t<div class=\"elementor-container elementor-column-gap-default\">\n\t\t\t\t\t<div class=\"elementor-column elementor-col-66 elementor-top-column elementor-element elementor-element-ee12c9a\" data-id=\"ee12c9a\" data-element_type=\"column\">\n\t\t\t<div class=\"elementor-widget-wrap elementor-element-populated\">\n\t\t\t\t\t\t<div class=\"elementor-element elementor-element-81a04c1 elementor-widget elementor-widget-heading\" data-id=\"81a04c1\" data-element_type=\"widget\" data-widget_type=\"heading.default\">\n\t\t\t\t<div class=\"elementor-widget-container\">\n\t\t\t\t\t<h2 class=\"elementor-heading-title elementor-size-default\">Modules d\u2019apprentissage en ligne de SBC Ontario<\/h2>\t\t\t\t<\/div>\n\t\t\t\t<\/div>\n\t\t\t\t<div class=\"elementor-element elementor-element-dd88b08 elementor-widget elementor-widget-text-editor\" data-id=\"dd88b08\" data-element_type=\"widget\" data-widget_type=\"text-editor.default\">\n\t\t\t\t<div class=\"elementor-widget-container\">\n\t\t\t\t\t\t\t\t\t<p><span id=\"docs-internal-guid-4c9cf64c-7fff-84da-383e-d1685483b28c\"><span style=\"font-size: 12pt; font-family: Arial, sans-serif; font-variant-ligatures: normal; font-variant-alternates: normal; font-variant-numeric: normal; font-variant-east-asian: normal; font-variant-position: normal; vertical-align: baseline; white-space: pre-wrap;\">L\u2019\u00e9quipe d\u2019Enterprise Temiskaming croit sinc\u00e8rement \u00e0 la valeur de la formation continue et renforce l\u2019attitude\/perception selon laquelle la r\u00e9ussite des petites entreprises repose sur un apprentissage continuel.  La transition d\u2019une entreprise de la conception au lancement et \u00e0 la croissance est une r\u00e9alisation importante. Les s\u00e9ances d\u2019apprentissage en ligne de SBC vous dotent de comp\u00e9tences et de connaissances cruciales, d\u2019\u00e9ducation et d\u2019informations, vous pr\u00e9parant \u00e0 collaborer avec des experts et des conseillers en affaires. Arm\u00e9 de cette compr\u00e9hension, vous pouvez progresser en toute confiance, en att\u00e9nuant les erreurs et les risques typiques tout au long de votre parcours entrepreneurial.<\/span><\/span><\/p>\t\t\t\t\t\t\t\t<\/div>\n\t\t\t\t<\/div>\n\t\t\t\t<div class=\"elementor-element elementor-element-a88202a elementor-widget elementor-widget-button\" data-id=\"a88202a\" data-element_type=\"widget\" data-widget_type=\"button.default\">\n\t\t\t\t<div class=\"elementor-widget-container\">\n\t\t\t\t\t\t\t\t\t<div class=\"elementor-button-wrapper\">\n\t\t\t\t\t<a class=\"elementor-button elementor-button-link elementor-size-sm\" href=\"https:\/\/www.sbcontario.ca\/e-learning\/%20\">\n\t\t\t\t\t\t<span class=\"elementor-button-content-wrapper\">\n\t\t\t\t\t\t\t\t\t<span class=\"elementor-button-text\">Explorez les sessions d'apprentissage en ligne maintenant<\/span>\n\t\t\t\t\t<\/span>\n\t\t\t\t\t<\/a>\n\t\t\t\t<\/div>\n\t\t\t\t\t\t\t\t<\/div>\n\t\t\t\t<\/div>\n\t\t\t\t\t<\/div>\n\t\t<\/div>\n\t\t\t\t<div class=\"elementor-column elementor-col-33 elementor-top-column elementor-element elementor-element-cc6e281\" data-id=\"cc6e281\" data-element_type=\"column\">\n\t\t\t<div class=\"elementor-widget-wrap elementor-element-populated\">\n\t\t\t\t\t\t<div class=\"elementor-element elementor-element-e203175 elementor-widget elementor-widget-image\" data-id=\"e203175\" data-element_type=\"widget\" data-widget_type=\"image.default\">\n\t\t\t\t<div class=\"elementor-widget-container\">\n\t\t\t\t\t\t\t\t\t\t\t\t\t\t\t<img decoding=\"async\" width=\"800\" height=\"800\" src=\"https:\/\/www.enterprisetemiskaming.ca\/wp-content\/uploads\/2024\/09\/elearning-english-1024x1024.jpg\" class=\"attachment-large size-large wp-image-482\" alt=\"\" srcset=\"https:\/\/www.enterprisetemiskaming.ca\/wp-content\/uploads\/2024\/09\/elearning-english-1024x1024.jpg 1024w, https:\/\/www.enterprisetemiskaming.ca\/wp-content\/uploads\/2024\/09\/elearning-english-300x300.jpg 300w, https:\/\/www.enterprisetemiskaming.ca\/wp-content\/uploads\/2024\/09\/elearning-english-150x150.jpg 150w, https:\/\/www.enterprisetemiskaming.ca\/wp-content\/uploads\/2024\/09\/elearning-english-768x768.jpg 768w, https:\/\/www.enterprisetemiskaming.ca\/wp-content\/uploads\/2024\/09\/elearning-english.jpg 1080w\" sizes=\"(max-width: 800px) 100vw, 800px\" \/>\t\t\t\t\t\t\t\t\t\t\t\t\t\t\t<\/div>\n\t\t\t\t<\/div>\n\t\t\t\t\t<\/div>\n\t\t<\/div>\n\t\t\t\t\t<\/div>\n\t\t<\/section>\n\t\t\t\t<section class=\"elementor-section elementor-top-section elementor-element elementor-element-d17e39b elementor-section-boxed elementor-section-height-default elementor-section-height-default wpr-particle-no wpr-jarallax-no wpr-parallax-no wpr-sticky-section-no\" data-id=\"d17e39b\" data-element_type=\"section\">\n\t\t\t\t\t\t<div class=\"elementor-container elementor-column-gap-default\">\n\t\t\t\t\t<div class=\"elementor-column elementor-col-100 elementor-top-column elementor-element elementor-element-e66cd15\" data-id=\"e66cd15\" data-element_type=\"column\">\n\t\t\t<div class=\"elementor-widget-wrap elementor-element-populated\">\n\t\t\t\t\t\t<div class=\"elementor-element elementor-element-211f240 elementor-widget elementor-widget-spacer\" data-id=\"211f240\" data-element_type=\"widget\" data-widget_type=\"spacer.default\">\n\t\t\t\t<div class=\"elementor-widget-container\">\n\t\t\t\t\t\t\t<div class=\"elementor-spacer\">\n\t\t\t<div class=\"elementor-spacer-inner\"><\/div>\n\t\t<\/div>\n\t\t\t\t\t\t<\/div>\n\t\t\t\t<\/div>\n\t\t\t\t\t<\/div>\n\t\t<\/div>\n\t\t\t\t\t<\/div>\n\t\t<\/section>\n\t\t\t\t<section class=\"elementor-section elementor-top-section elementor-element elementor-element-af141f6 elementor-section-boxed elementor-section-height-default elementor-section-height-default wpr-particle-no wpr-jarallax-no wpr-parallax-no wpr-sticky-section-no\" data-id=\"af141f6\" data-element_type=\"section\">\n\t\t\t\t\t\t<div class=\"elementor-container elementor-column-gap-default\">\n\t\t\t\t\t<div class=\"elementor-column elementor-col-33 elementor-top-column elementor-element elementor-element-ac16f8a\" data-id=\"ac16f8a\" data-element_type=\"column\">\n\t\t\t<div class=\"elementor-widget-wrap elementor-element-populated\">\n\t\t\t\t\t\t<div class=\"elementor-element elementor-element-02ee259 elementor-widget elementor-widget-image\" data-id=\"02ee259\" data-element_type=\"widget\" data-widget_type=\"image.default\">\n\t\t\t\t<div class=\"elementor-widget-container\">\n\t\t\t\t\t\t\t\t\t\t\t\t\t\t\t<img loading=\"lazy\" decoding=\"async\" width=\"800\" height=\"800\" src=\"https:\/\/www.enterprisetemiskaming.ca\/wp-content\/uploads\/2024\/09\/Untitled-design-217-1024x1024.png\" class=\"attachment-large size-large wp-image-483\" alt=\"\" srcset=\"https:\/\/www.enterprisetemiskaming.ca\/wp-content\/uploads\/2024\/09\/Untitled-design-217-1024x1024.png 1024w, https:\/\/www.enterprisetemiskaming.ca\/wp-content\/uploads\/2024\/09\/Untitled-design-217-300x300.png 300w, https:\/\/www.enterprisetemiskaming.ca\/wp-content\/uploads\/2024\/09\/Untitled-design-217-150x150.png 150w, https:\/\/www.enterprisetemiskaming.ca\/wp-content\/uploads\/2024\/09\/Untitled-design-217-768x768.png 768w, https:\/\/www.enterprisetemiskaming.ca\/wp-content\/uploads\/2024\/09\/Untitled-design-217.png 1080w\" sizes=\"(max-width: 800px) 100vw, 800px\" \/>\t\t\t\t\t\t\t\t\t\t\t\t\t\t\t<\/div>\n\t\t\t\t<\/div>\n\t\t\t\t\t<\/div>\n\t\t<\/div>\n\t\t\t\t<div class=\"elementor-column elementor-col-66 elementor-top-column elementor-element elementor-element-047c393\" data-id=\"047c393\" data-element_type=\"column\">\n\t\t\t<div class=\"elementor-widget-wrap elementor-element-populated\">\n\t\t\t\t\t\t<div class=\"elementor-element elementor-element-6f1e4a9 elementor-widget elementor-widget-heading\" data-id=\"6f1e4a9\" data-element_type=\"widget\" data-widget_type=\"heading.default\">\n\t\t\t\t<div class=\"elementor-widget-container\">\n\t\t\t\t\t<h2 class=\"elementor-heading-title elementor-size-default\">ENTREPRISE D\u2019\u00c9T\u00c9<\/h2>\t\t\t\t<\/div>\n\t\t\t\t<\/div>\n\t\t\t\t<div class=\"elementor-element elementor-element-e6ff6a6 elementor-widget elementor-widget-text-editor\" data-id=\"e6ff6a6\" data-element_type=\"widget\" data-widget_type=\"text-editor.default\">\n\t\t\t\t<div class=\"elementor-widget-container\">\n\t\t\t\t\t\t\t\t\t<p><span style=\"font-weight: 400;\">Le programme Entreprise d'\u00e9t\u00e9 offre aux personnes de 15 \u00e0 29 ans la possibilit\u00e9 de lancer leur propre petite entreprise pendant les mois d'\u00e9t\u00e9. Les participants recevront un financement de 3 000 $ pour couvrir les frais de d\u00e9marrage de leur entreprise.<\/span><\/p>\t\t\t\t\t\t\t\t<\/div>\n\t\t\t\t<\/div>\n\t\t\t\t<div class=\"elementor-element elementor-element-e982662 elementor-widget elementor-widget-button\" data-id=\"e982662\" data-element_type=\"widget\" data-widget_type=\"button.default\">\n\t\t\t\t<div class=\"elementor-widget-container\">\n\t\t\t\t\t\t\t\t\t<div class=\"elementor-button-wrapper\">\n\t\t\t\t\t<a class=\"elementor-button elementor-button-link elementor-size-sm\" href=\"https:\/\/www.enterprisetemiskaming.ca\/fr\/summer-company\/\">\n\t\t\t\t\t\t<span class=\"elementor-button-content-wrapper\">\n\t\t\t\t\t\t\t\t\t<span class=\"elementor-button-text\">Apprends encore plus<\/span>\n\t\t\t\t\t<\/span>\n\t\t\t\t\t<\/a>\n\t\t\t\t<\/div>\n\t\t\t\t\t\t\t\t<\/div>\n\t\t\t\t<\/div>\n\t\t\t\t\t<\/div>\n\t\t<\/div>\n\t\t\t\t\t<\/div>\n\t\t<\/section>\n\t\t\t\t<\/div>","protected":false},"excerpt":{"rendered":"<p>STARTER COMPANY PLUS The Starter Company Plus Program is a comprehensive entrepreneurship initiative designed for Ontario residents aged 18 and above who are not in full-time education or employment. This free program provides participants with valuable workshops, mentorship, and the opportunity to develop a robust business plan. Successful participants may compete for up to $5,000 in grant funding. Stay tuned to our social media channels for updates on registration dates and program details. Learn More SBC Ontario e-learning modules The team at Enterprise Temiskaming are sincere believers in the worth of ongoing education and reinforce the attitude\/perception that achieving success in small business hinges on continuous learning and adjustment. Transitioning a business from conception to launch and onto growth is a significant accomplishment. SBC E-Learning Sessions equip you with crucial abilities and insights, education and information, readying you to engage with business experts and advisors. Armed with this understanding, you can progress confidently, mitigating typical errors and risks along your entrepreneurial path. Explore E-Learning Sessions Now! Summer Company Summer Company offers individuals aged 15 to 29 the chance to launch their own small business during the summer months. Participants will receive $3000 in funding to cover start-up expenses for their business venture. Learn More<\/p>","protected":false},"author":3454,"featured_media":0,"parent":0,"menu_order":0,"comment_status":"closed","ping_status":"closed","template":"elementor_header_footer","meta":{"footnotes":""},"class_list":["post-478","page","type-page","status-publish","hentry"],"_links":{"self":[{"href":"https:\/\/www.enterprisetemiskaming.ca\/fr\/wp-json\/wp\/v2\/pages\/478","targetHints":{"allow":["GET"]}}],"collection":[{"href":"https:\/\/www.enterprisetemiskaming.ca\/fr\/wp-json\/wp\/v2\/pages"}],"about":[{"href":"https:\/\/www.enterprisetemiskaming.ca\/fr\/wp-json\/wp\/v2\/types\/page"}],"author":[{"embeddable":true,"href":"https:\/\/www.enterprisetemiskaming.ca\/fr\/wp-json\/wp\/v2\/users\/3454"}],"replies":[{"embeddable":true,"href":"https:\/\/www.enterprisetemiskaming.ca\/fr\/wp-json\/wp\/v2\/comments?post=478"}],"version-history":[{"count":22,"href":"https:\/\/www.enterprisetemiskaming.ca\/fr\/wp-json\/wp\/v2\/pages\/478\/revisions"}],"predecessor-version":[{"id":1236,"href":"https:\/\/www.enterprisetemiskaming.ca\/fr\/wp-json\/wp\/v2\/pages\/478\/revisions\/1236"}],"wp:attachment":[{"href":"https:\/\/www.enterprisetemiskaming.ca\/fr\/wp-json\/wp\/v2\/media?parent=478"}],"curies":[{"name":"wp","href":"https:\/\/api.w.org\/{rel}","templated":true}]}}