{"id":246,"date":"2018-08-07T12:41:26","date_gmt":"2018-08-07T17:41:26","guid":{"rendered":"http:\/\/wpbilingual-staging.whc.ca\/?page_id=246"},"modified":"2025-02-22T15:02:11","modified_gmt":"2025-02-22T19:02:11","slug":"services","status":"publish","type":"page","link":"https:\/\/www.enterprisetemiskaming.ca\/fr\/services\/","title":{"rendered":"services"},"content":{"rendered":"<div data-elementor-type=\"wp-post\" data-elementor-id=\"246\" class=\"elementor elementor-246\">\n\t\t\t\t\t\t<section class=\"elementor-section elementor-top-section elementor-element elementor-element-e6c99d2 elementor-section-boxed elementor-section-height-default elementor-section-height-default wpr-particle-no wpr-jarallax-no wpr-parallax-no wpr-sticky-section-no\" data-id=\"e6c99d2\" data-element_type=\"section\">\n\t\t\t\t\t\t<div class=\"elementor-container elementor-column-gap-default\">\n\t\t\t\t\t<div class=\"elementor-column elementor-col-100 elementor-top-column elementor-element elementor-element-f34e5c8\" data-id=\"f34e5c8\" data-element_type=\"column\">\n\t\t\t<div class=\"elementor-widget-wrap elementor-element-populated\">\n\t\t\t\t\t\t<div class=\"elementor-element elementor-element-76fb1af elementor-widget elementor-widget-image\" data-id=\"76fb1af\" data-element_type=\"widget\" data-widget_type=\"image.default\">\n\t\t\t\t<div class=\"elementor-widget-container\">\n\t\t\t\t\t\t\t\t\t\t\t\t\t\t\t<img fetchpriority=\"high\" decoding=\"async\" width=\"1920\" height=\"700\" src=\"https:\/\/www.enterprisetemiskaming.ca\/wp-content\/uploads\/2025\/01\/1-4.png\" class=\"attachment-full size-full wp-image-1179\" alt=\"\" srcset=\"https:\/\/www.enterprisetemiskaming.ca\/wp-content\/uploads\/2025\/01\/1-4.png 1920w, https:\/\/www.enterprisetemiskaming.ca\/wp-content\/uploads\/2025\/01\/1-4-300x109.png 300w, https:\/\/www.enterprisetemiskaming.ca\/wp-content\/uploads\/2025\/01\/1-4-1024x373.png 1024w, https:\/\/www.enterprisetemiskaming.ca\/wp-content\/uploads\/2025\/01\/1-4-768x280.png 768w, https:\/\/www.enterprisetemiskaming.ca\/wp-content\/uploads\/2025\/01\/1-4-1536x560.png 1536w\" sizes=\"(max-width: 1920px) 100vw, 1920px\" \/>\t\t\t\t\t\t\t\t\t\t\t\t\t\t\t<\/div>\n\t\t\t\t<\/div>\n\t\t\t\t\t<\/div>\n\t\t<\/div>\n\t\t\t\t\t<\/div>\n\t\t<\/section>\n\t\t\t\t<section class=\"elementor-section elementor-top-section elementor-element elementor-element-64dc101 elementor-section-boxed elementor-section-height-default elementor-section-height-default wpr-particle-no wpr-jarallax-no wpr-parallax-no wpr-sticky-section-no\" data-id=\"64dc101\" data-element_type=\"section\">\n\t\t\t\t\t\t<div class=\"elementor-container elementor-column-gap-default\">\n\t\t\t\t\t<div class=\"elementor-column elementor-col-33 elementor-top-column elementor-element elementor-element-d5dc026\" data-id=\"d5dc026\" data-element_type=\"column\">\n\t\t\t<div class=\"elementor-widget-wrap elementor-element-populated\">\n\t\t\t\t\t\t<div class=\"elementor-element elementor-element-97ccc0f elementor-widget elementor-widget-image\" data-id=\"97ccc0f\" data-element_type=\"widget\" data-widget_type=\"image.default\">\n\t\t\t\t<div class=\"elementor-widget-container\">\n\t\t\t\t\t\t\t\t\t\t\t\t\t\t\t<img decoding=\"async\" width=\"768\" height=\"768\" src=\"https:\/\/www.enterprisetemiskaming.ca\/wp-content\/uploads\/2024\/11\/1-1-768x768.png\" class=\"attachment-medium_large size-medium_large wp-image-735\" alt=\"\" srcset=\"https:\/\/www.enterprisetemiskaming.ca\/wp-content\/uploads\/2024\/11\/1-1-768x768.png 768w, https:\/\/www.enterprisetemiskaming.ca\/wp-content\/uploads\/2024\/11\/1-1-300x300.png 300w, https:\/\/www.enterprisetemiskaming.ca\/wp-content\/uploads\/2024\/11\/1-1-1024x1024.png 1024w, https:\/\/www.enterprisetemiskaming.ca\/wp-content\/uploads\/2024\/11\/1-1-150x150.png 150w, https:\/\/www.enterprisetemiskaming.ca\/wp-content\/uploads\/2024\/11\/1-1.png 1080w\" sizes=\"(max-width: 768px) 100vw, 768px\" \/>\t\t\t\t\t\t\t\t\t\t\t\t\t\t\t<\/div>\n\t\t\t\t<\/div>\n\t\t\t\t<div class=\"elementor-element elementor-element-2ec6648 elementor-widget elementor-widget-heading\" data-id=\"2ec6648\" data-element_type=\"widget\" data-widget_type=\"heading.default\">\n\t\t\t\t<div class=\"elementor-widget-container\">\n\t\t\t\t\t<h2 class=\"elementor-heading-title elementor-size-default\">CONSULTATION INDIVIDUELLE<\/h2>\t\t\t\t<\/div>\n\t\t\t\t<\/div>\n\t\t\t\t<div class=\"elementor-element elementor-element-a7786a1 elementor-widget elementor-widget-text-editor\" data-id=\"a7786a1\" data-element_type=\"widget\" data-widget_type=\"text-editor.default\">\n\t\t\t\t<div class=\"elementor-widget-container\">\n\t\t\t\t\t\t\t\t\t<p>Notre agence propose des consultations commerciales personnalis\u00e9es et individuelles adapt\u00e9es \u00e0 vos besoins, en vous offrant des conseils d'experts en mati\u00e8re d'\u00e9valuation, de strat\u00e9gie et de mise en \u0153uvre. Gr\u00e2ce \u00e0 une approche ax\u00e9e sur le client, nous vous aidons \u00e0 obtenir des r\u00e9sultats mesurables. Choisissez des consultations en personne ou virtuelles pour exploiter tout le potentiel de votre entreprise.<\/p>\t\t\t\t\t\t\t\t<\/div>\n\t\t\t\t<\/div>\n\t\t\t\t<div class=\"elementor-element elementor-element-dff724d elementor-align-center elementor-widget elementor-widget-button\" data-id=\"dff724d\" data-element_type=\"widget\" data-widget_type=\"button.default\">\n\t\t\t\t<div class=\"elementor-widget-container\">\n\t\t\t\t\t\t\t\t\t<div class=\"elementor-button-wrapper\">\n\t\t\t\t\t<a class=\"elementor-button elementor-button-link elementor-size-sm\" href=\"https:\/\/www.enterprisetemiskaming.ca\/fr\/contact-us\/\">\n\t\t\t\t\t\t<span class=\"elementor-button-content-wrapper\">\n\t\t\t\t\t\t\t\t\t<span class=\"elementor-button-text\">R\u00e9servez maintenant<\/span>\n\t\t\t\t\t<\/span>\n\t\t\t\t\t<\/a>\n\t\t\t\t<\/div>\n\t\t\t\t\t\t\t\t<\/div>\n\t\t\t\t<\/div>\n\t\t\t\t<div class=\"elementor-element elementor-element-6d4ae82 elementor-widget elementor-widget-spacer\" data-id=\"6d4ae82\" data-element_type=\"widget\" data-widget_type=\"spacer.default\">\n\t\t\t\t<div class=\"elementor-widget-container\">\n\t\t\t\t\t\t\t<div class=\"elementor-spacer\">\n\t\t\t<div class=\"elementor-spacer-inner\"><\/div>\n\t\t<\/div>\n\t\t\t\t\t\t<\/div>\n\t\t\t\t<\/div>\n\t\t\t\t\t<\/div>\n\t\t<\/div>\n\t\t\t\t<div class=\"elementor-column elementor-col-33 elementor-top-column elementor-element elementor-element-1b29bed\" data-id=\"1b29bed\" data-element_type=\"column\">\n\t\t\t<div class=\"elementor-widget-wrap elementor-element-populated\">\n\t\t\t\t\t\t<div class=\"elementor-element elementor-element-eb78c79 elementor-widget elementor-widget-image\" data-id=\"eb78c79\" data-element_type=\"widget\" data-widget_type=\"image.default\">\n\t\t\t\t<div class=\"elementor-widget-container\">\n\t\t\t\t\t\t\t\t\t\t\t\t\t\t\t<img decoding=\"async\" width=\"800\" height=\"800\" src=\"https:\/\/www.enterprisetemiskaming.ca\/wp-content\/uploads\/2025\/01\/Untitled-design-56-1024x1024.png\" class=\"attachment-large size-large wp-image-1332\" alt=\"\" srcset=\"https:\/\/www.enterprisetemiskaming.ca\/wp-content\/uploads\/2025\/01\/Untitled-design-56-1024x1024.png 1024w, https:\/\/www.enterprisetemiskaming.ca\/wp-content\/uploads\/2025\/01\/Untitled-design-56-300x300.png 300w, https:\/\/www.enterprisetemiskaming.ca\/wp-content\/uploads\/2025\/01\/Untitled-design-56-150x150.png 150w, https:\/\/www.enterprisetemiskaming.ca\/wp-content\/uploads\/2025\/01\/Untitled-design-56-768x768.png 768w, https:\/\/www.enterprisetemiskaming.ca\/wp-content\/uploads\/2025\/01\/Untitled-design-56-12x12.png 12w, https:\/\/www.enterprisetemiskaming.ca\/wp-content\/uploads\/2025\/01\/Untitled-design-56.png 1080w\" sizes=\"(max-width: 800px) 100vw, 800px\" \/>\t\t\t\t\t\t\t\t\t\t\t\t\t\t\t<\/div>\n\t\t\t\t<\/div>\n\t\t\t\t<div class=\"elementor-element elementor-element-1cdf15a elementor-widget elementor-widget-heading\" data-id=\"1cdf15a\" data-element_type=\"widget\" data-widget_type=\"heading.default\">\n\t\t\t\t<div class=\"elementor-widget-container\">\n\t\t\t\t\t<h2 class=\"elementor-heading-title elementor-size-default\">MENTORAT<\/h2>\t\t\t\t<\/div>\n\t\t\t\t<\/div>\n\t\t\t\t<div class=\"elementor-element elementor-element-2cbdcb5 elementor-widget elementor-widget-spacer\" data-id=\"2cbdcb5\" data-element_type=\"widget\" data-widget_type=\"spacer.default\">\n\t\t\t\t<div class=\"elementor-widget-container\">\n\t\t\t\t\t\t\t<div class=\"elementor-spacer\">\n\t\t\t<div class=\"elementor-spacer-inner\"><\/div>\n\t\t<\/div>\n\t\t\t\t\t\t<\/div>\n\t\t\t\t<\/div>\n\t\t\t\t<div class=\"elementor-element elementor-element-5721b44 elementor-widget elementor-widget-text-editor\" data-id=\"5721b44\" data-element_type=\"widget\" data-widget_type=\"text-editor.default\">\n\t\t\t\t<div class=\"elementor-widget-container\">\n\t\t\t\t\t\t\t\t\t<p>Les clients qui participent \u00e0 notre programme et\/ou ceux qui re\u00e7oivent nos services et notre soutien peuvent avoir la chance de cultiver des comp\u00e9tences particuli\u00e8res et de stimuler leur avancement personnel et professionnel gr\u00e2ce \u00e0 des opportunit\u00e9s de mentorat. Nos mentors peuvent \u00eatre des membres d'Enterprise Temiskaming, des chefs d'entreprise ou des professionnels exp\u00e9riment\u00e9s du district de Timiskaming.<\/p>\t\t\t\t\t\t\t\t<\/div>\n\t\t\t\t<\/div>\n\t\t\t\t<div class=\"elementor-element elementor-element-a5c5fba elementor-align-center elementor-widget elementor-widget-button\" data-id=\"a5c5fba\" data-element_type=\"widget\" data-widget_type=\"button.default\">\n\t\t\t\t<div class=\"elementor-widget-container\">\n\t\t\t\t\t\t\t\t\t<div class=\"elementor-button-wrapper\">\n\t\t\t\t\t<a class=\"elementor-button elementor-button-link elementor-size-sm\" href=\"https:\/\/www.enterprisetemiskaming.ca\/fr\/contact-us\/\">\n\t\t\t\t\t\t<span class=\"elementor-button-content-wrapper\">\n\t\t\t\t\t\t\t\t\t<span class=\"elementor-button-text\">Contactez-nous<\/span>\n\t\t\t\t\t<\/span>\n\t\t\t\t\t<\/a>\n\t\t\t\t<\/div>\n\t\t\t\t\t\t\t\t<\/div>\n\t\t\t\t<\/div>\n\t\t\t\t<div class=\"elementor-element elementor-element-b449b24 elementor-widget elementor-widget-spacer\" data-id=\"b449b24\" data-element_type=\"widget\" data-widget_type=\"spacer.default\">\n\t\t\t\t<div class=\"elementor-widget-container\">\n\t\t\t\t\t\t\t<div class=\"elementor-spacer\">\n\t\t\t<div class=\"elementor-spacer-inner\"><\/div>\n\t\t<\/div>\n\t\t\t\t\t\t<\/div>\n\t\t\t\t<\/div>\n\t\t\t\t\t<\/div>\n\t\t<\/div>\n\t\t\t\t<div class=\"elementor-column elementor-col-33 elementor-top-column elementor-element elementor-element-ef767ea\" data-id=\"ef767ea\" data-element_type=\"column\">\n\t\t\t<div class=\"elementor-widget-wrap elementor-element-populated\">\n\t\t\t\t\t\t<div class=\"elementor-element elementor-element-26a83d9 elementor-widget elementor-widget-image\" data-id=\"26a83d9\" data-element_type=\"widget\" data-widget_type=\"image.default\">\n\t\t\t\t<div class=\"elementor-widget-container\">\n\t\t\t\t\t\t\t\t\t\t\t\t\t\t\t<img loading=\"lazy\" decoding=\"async\" width=\"800\" height=\"800\" src=\"https:\/\/www.enterprisetemiskaming.ca\/wp-content\/uploads\/2024\/11\/3-1024x1024.png\" class=\"attachment-large size-large wp-image-736\" alt=\"\" srcset=\"https:\/\/www.enterprisetemiskaming.ca\/wp-content\/uploads\/2024\/11\/3-1024x1024.png 1024w, https:\/\/www.enterprisetemiskaming.ca\/wp-content\/uploads\/2024\/11\/3-300x300.png 300w, https:\/\/www.enterprisetemiskaming.ca\/wp-content\/uploads\/2024\/11\/3-150x150.png 150w, https:\/\/www.enterprisetemiskaming.ca\/wp-content\/uploads\/2024\/11\/3-768x768.png 768w, https:\/\/www.enterprisetemiskaming.ca\/wp-content\/uploads\/2024\/11\/3.png 1080w\" sizes=\"(max-width: 800px) 100vw, 800px\" \/>\t\t\t\t\t\t\t\t\t\t\t\t\t\t\t<\/div>\n\t\t\t\t<\/div>\n\t\t\t\t<div class=\"elementor-element elementor-element-4613a3c elementor-widget elementor-widget-heading\" data-id=\"4613a3c\" data-element_type=\"widget\" data-widget_type=\"heading.default\">\n\t\t\t\t<div class=\"elementor-widget-container\">\n\t\t\t\t\t<h2 class=\"elementor-heading-title elementor-size-default\">\u00c9LABORATION D'UN PLAN D'AFFAIRES<\/h2>\t\t\t\t<\/div>\n\t\t\t\t<\/div>\n\t\t\t\t<div class=\"elementor-element elementor-element-ad01426 elementor-widget elementor-widget-text-editor\" data-id=\"ad01426\" data-element_type=\"widget\" data-widget_type=\"text-editor.default\">\n\t\t\t\t<div class=\"elementor-widget-container\">\n\t\t\t\t\t\t\t\t\t<p>Enterprise Temiskaming offre un aper\u00e7u du plan d'affaires et des conseils pour vous aider \u00e0 comprendre les \u00e9l\u00e9ments n\u00e9cessaires de votre plan d'affaires. Par la suite, ils peuvent vous aider \u00e0 \u00e9laborer votre plan d'affaires en vous fournissant des conseils, un guide de plan d'affaires complet, des outils et des ressources suppl\u00e9mentaires, ainsi qu'un accompagnement et un soutien continus.<\/p>\t\t\t\t\t\t\t\t<\/div>\n\t\t\t\t<\/div>\n\t\t\t\t<div class=\"elementor-element elementor-element-2a5b301 elementor-align-center elementor-widget elementor-widget-button\" data-id=\"2a5b301\" data-element_type=\"widget\" data-widget_type=\"button.default\">\n\t\t\t\t<div class=\"elementor-widget-container\">\n\t\t\t\t\t\t\t\t\t<div class=\"elementor-button-wrapper\">\n\t\t\t\t\t<a class=\"elementor-button elementor-button-link elementor-size-sm\" href=\"https:\/\/www.enterprisetemiskaming.ca\/fr\/develop-a-business-plan\/\">\n\t\t\t\t\t\t<span class=\"elementor-button-content-wrapper\">\n\t\t\t\t\t\t\t\t\t<span class=\"elementor-button-text\">Apprends encore plus<\/span>\n\t\t\t\t\t<\/span>\n\t\t\t\t\t<\/a>\n\t\t\t\t<\/div>\n\t\t\t\t\t\t\t\t<\/div>\n\t\t\t\t<\/div>\n\t\t\t\t<div class=\"elementor-element elementor-element-70b3a2c elementor-widget elementor-widget-spacer\" data-id=\"70b3a2c\" data-element_type=\"widget\" data-widget_type=\"spacer.default\">\n\t\t\t\t<div class=\"elementor-widget-container\">\n\t\t\t\t\t\t\t<div class=\"elementor-spacer\">\n\t\t\t<div class=\"elementor-spacer-inner\"><\/div>\n\t\t<\/div>\n\t\t\t\t\t\t<\/div>\n\t\t\t\t<\/div>\n\t\t\t\t\t<\/div>\n\t\t<\/div>\n\t\t\t\t\t<\/div>\n\t\t<\/section>\n\t\t\t\t<section class=\"elementor-section elementor-top-section elementor-element elementor-element-369347b8 elementor-section-boxed elementor-section-height-default elementor-section-height-default wpr-particle-no wpr-jarallax-no wpr-parallax-no wpr-sticky-section-no\" data-id=\"369347b8\" data-element_type=\"section\" data-settings=\"{&quot;background_background&quot;:&quot;classic&quot;}\">\n\t\t\t\t\t\t<div class=\"elementor-container elementor-column-gap-default\">\n\t\t\t\t\t<div class=\"elementor-column elementor-col-50 elementor-top-column elementor-element elementor-element-36c6e71e\" data-id=\"36c6e71e\" data-element_type=\"column\">\n\t\t\t<div class=\"elementor-widget-wrap elementor-element-populated\">\n\t\t\t\t\t\t<div class=\"elementor-element elementor-element-10ca416e elementor-widget elementor-widget-image\" data-id=\"10ca416e\" data-element_type=\"widget\" data-widget_type=\"image.default\">\n\t\t\t\t<div class=\"elementor-widget-container\">\n\t\t\t\t\t\t\t\t\t\t\t\t\t\t\t<img loading=\"lazy\" decoding=\"async\" width=\"300\" height=\"300\" src=\"https:\/\/www.enterprisetemiskaming.ca\/wp-content\/uploads\/2024\/11\/Untitled-design-50-300x300.png\" class=\"attachment-medium size-medium wp-image-741\" alt=\"\" srcset=\"https:\/\/www.enterprisetemiskaming.ca\/wp-content\/uploads\/2024\/11\/Untitled-design-50-300x300.png 300w, https:\/\/www.enterprisetemiskaming.ca\/wp-content\/uploads\/2024\/11\/Untitled-design-50-1024x1024.png 1024w, https:\/\/www.enterprisetemiskaming.ca\/wp-content\/uploads\/2024\/11\/Untitled-design-50-150x150.png 150w, https:\/\/www.enterprisetemiskaming.ca\/wp-content\/uploads\/2024\/11\/Untitled-design-50-768x768.png 768w, https:\/\/www.enterprisetemiskaming.ca\/wp-content\/uploads\/2024\/11\/Untitled-design-50-1536x1536.png 1536w, https:\/\/www.enterprisetemiskaming.ca\/wp-content\/uploads\/2024\/11\/Untitled-design-50-2048x2048.png 2048w\" sizes=\"(max-width: 300px) 100vw, 300px\" \/>\t\t\t\t\t\t\t\t\t\t\t\t\t\t\t<\/div>\n\t\t\t\t<\/div>\n\t\t\t\t\t<\/div>\n\t\t<\/div>\n\t\t\t\t<div class=\"elementor-column elementor-col-50 elementor-top-column elementor-element elementor-element-22e4558d\" data-id=\"22e4558d\" data-element_type=\"column\">\n\t\t\t<div class=\"elementor-widget-wrap elementor-element-populated\">\n\t\t\t\t\t\t<div class=\"elementor-element elementor-element-31f8d4f2 elementor-widget elementor-widget-heading\" data-id=\"31f8d4f2\" data-element_type=\"widget\" data-widget_type=\"heading.default\">\n\t\t\t\t<div class=\"elementor-widget-container\">\n\t\t\t\t\t<h2 class=\"elementor-heading-title elementor-size-default\">INFORMATIONS SUR LES POSSIBILIT\u00c9S DE FINANCEMENT<\/h2>\t\t\t\t<\/div>\n\t\t\t\t<\/div>\n\t\t\t\t<div class=\"elementor-element elementor-element-1b31e19a elementor-widget elementor-widget-text-editor\" data-id=\"1b31e19a\" data-element_type=\"widget\" data-widget_type=\"text-editor.default\">\n\t\t\t\t<div class=\"elementor-widget-container\">\n\t\t\t\t\t\t\t\t\t<p><span style=\"font-weight: 400;\">Enterprise Temiskaming peut vous aider \u00e0 identifier les possibilit\u00e9s de financement potentielles pour votre entreprise par le biais de consultations. Elle peut \u00e9galement vous aider \u00e0 vous orienter dans le processus de demande et \u00e0 entrer en contact avec des bailleurs de fonds pour d\u00e9terminer votre admissibilit\u00e9 et faciliter le processus.<\/span><\/p>\t\t\t\t\t\t\t\t<\/div>\n\t\t\t\t<\/div>\n\t\t\t\t<div class=\"elementor-element elementor-element-4cee91f elementor-widget elementor-widget-button\" data-id=\"4cee91f\" data-element_type=\"widget\" data-widget_type=\"button.default\">\n\t\t\t\t<div class=\"elementor-widget-container\">\n\t\t\t\t\t\t\t\t\t<div class=\"elementor-button-wrapper\">\n\t\t\t\t\t<a class=\"elementor-button elementor-button-link elementor-size-sm\" href=\"https:\/\/www.enterprisetemiskaming.ca\/fr\/contact-us\/\">\n\t\t\t\t\t\t<span class=\"elementor-button-content-wrapper\">\n\t\t\t\t\t\t\t\t\t<span class=\"elementor-button-text\">R\u00e9server une consultation<\/span>\n\t\t\t\t\t<\/span>\n\t\t\t\t\t<\/a>\n\t\t\t\t<\/div>\n\t\t\t\t\t\t\t\t<\/div>\n\t\t\t\t<\/div>\n\t\t\t\t\t<\/div>\n\t\t<\/div>\n\t\t\t\t\t<\/div>\n\t\t<\/section>\n\t\t\t\t<section class=\"elementor-section elementor-top-section elementor-element elementor-element-0998b9a elementor-section-boxed elementor-section-height-default elementor-section-height-default wpr-particle-no wpr-jarallax-no wpr-parallax-no wpr-sticky-section-no\" data-id=\"0998b9a\" data-element_type=\"section\">\n\t\t\t\t\t\t<div class=\"elementor-container elementor-column-gap-default\">\n\t\t\t\t\t<div class=\"elementor-column elementor-col-50 elementor-top-column elementor-element elementor-element-0e6b1db\" data-id=\"0e6b1db\" data-element_type=\"column\">\n\t\t\t<div class=\"elementor-widget-wrap elementor-element-populated\">\n\t\t\t\t\t\t<div class=\"elementor-element elementor-element-9d7338e elementor-widget elementor-widget-heading\" data-id=\"9d7338e\" data-element_type=\"widget\" data-widget_type=\"heading.default\">\n\t\t\t\t<div class=\"elementor-widget-container\">\n\t\t\t\t\t<h2 class=\"elementor-heading-title elementor-size-default\">BIBLIOTH\u00c8QUE DE RESSOURCES<\/h2>\t\t\t\t<\/div>\n\t\t\t\t<\/div>\n\t\t\t\t<div class=\"elementor-element elementor-element-9a64c3b elementor-widget elementor-widget-text-editor\" data-id=\"9a64c3b\" data-element_type=\"widget\" data-widget_type=\"text-editor.default\">\n\t\t\t\t<div class=\"elementor-widget-container\">\n\t\t\t\t\t\t\t\t\t<p><span style=\"font-weight: 400;\">L\u2019\u00e9quipe d\u2019Enterprise Temiskaming tient \u00e0 jour une biblioth\u00e8que de ressources contenant de nombreuses ressources commerciales accessibles au public. Ces ressources couvrent un large \u00e9ventail de sujets li\u00e9s aux affaires, notamment la fiscalit\u00e9, le marketing, les m\u00e9dias sociaux, le commerce \u00e9lectronique, l\u2019enregistrement des entreprises, l\u2019embauche d\u2019employ\u00e9s, la propri\u00e9t\u00e9 intellectuelle, la s\u00e9curit\u00e9 au travail, les organismes sans but lucratif, et plus encore. Nos plateformes de m\u00e9dias sociaux, en particulier notre cha\u00eene YouTube, proposent des tutoriels, des vid\u00e9os d\u2019instructions \u00e9tape par \u00e9tape et du contenu suppl\u00e9mentaire pour votre commodit\u00e9.<\/span><\/p>\t\t\t\t\t\t\t\t<\/div>\n\t\t\t\t<\/div>\n\t\t\t\t<div class=\"elementor-element elementor-element-bb6ec41 elementor-widget elementor-widget-button\" data-id=\"bb6ec41\" data-element_type=\"widget\" data-widget_type=\"button.default\">\n\t\t\t\t<div class=\"elementor-widget-container\">\n\t\t\t\t\t\t\t\t\t<div class=\"elementor-button-wrapper\">\n\t\t\t\t\t<a class=\"elementor-button elementor-button-link elementor-size-sm\" href=\"https:\/\/www.enterprisetemiskaming.ca\/fr\/resources-2\/\">\n\t\t\t\t\t\t<span class=\"elementor-button-content-wrapper\">\n\t\t\t\t\t\t\t\t\t<span class=\"elementor-button-text\">Apprends encore plus<\/span>\n\t\t\t\t\t<\/span>\n\t\t\t\t\t<\/a>\n\t\t\t\t<\/div>\n\t\t\t\t\t\t\t\t<\/div>\n\t\t\t\t<\/div>\n\t\t\t\t\t<\/div>\n\t\t<\/div>\n\t\t\t\t<div class=\"elementor-column elementor-col-50 elementor-top-column elementor-element elementor-element-1eff5bb\" data-id=\"1eff5bb\" data-element_type=\"column\">\n\t\t\t<div class=\"elementor-widget-wrap elementor-element-populated\">\n\t\t\t\t\t\t<div class=\"elementor-element elementor-element-1f0c47e elementor-widget elementor-widget-image\" data-id=\"1f0c47e\" data-element_type=\"widget\" data-widget_type=\"image.default\">\n\t\t\t\t<div class=\"elementor-widget-container\">\n\t\t\t\t\t\t\t\t\t\t\t\t\t\t\t<img loading=\"lazy\" decoding=\"async\" width=\"2048\" height=\"2048\" src=\"https:\/\/www.enterprisetemiskaming.ca\/wp-content\/uploads\/2024\/11\/Untitled-design-51-2048x2048.png\" class=\"attachment-2048x2048 size-2048x2048 wp-image-742\" alt=\"\" srcset=\"https:\/\/www.enterprisetemiskaming.ca\/wp-content\/uploads\/2024\/11\/Untitled-design-51-2048x2048.png 2048w, https:\/\/www.enterprisetemiskaming.ca\/wp-content\/uploads\/2024\/11\/Untitled-design-51-300x300.png 300w, https:\/\/www.enterprisetemiskaming.ca\/wp-content\/uploads\/2024\/11\/Untitled-design-51-1024x1024.png 1024w, https:\/\/www.enterprisetemiskaming.ca\/wp-content\/uploads\/2024\/11\/Untitled-design-51-150x150.png 150w, https:\/\/www.enterprisetemiskaming.ca\/wp-content\/uploads\/2024\/11\/Untitled-design-51-768x768.png 768w, https:\/\/www.enterprisetemiskaming.ca\/wp-content\/uploads\/2024\/11\/Untitled-design-51-1536x1536.png 1536w\" sizes=\"(max-width: 2048px) 100vw, 2048px\" \/>\t\t\t\t\t\t\t\t\t\t\t\t\t\t\t<\/div>\n\t\t\t\t<\/div>\n\t\t\t\t\t<\/div>\n\t\t<\/div>\n\t\t\t\t\t<\/div>\n\t\t<\/section>\n\t\t\t\t<\/div>","protected":false},"excerpt":{"rendered":"<p>ONE-ON-ONE CONSULTATION\u200b Our agency provides personalized, one-on-one business consultations tailored to your needs, offering expert guidance through assessment, strategy, and implementation. With a client-focused approach, we help you achieve measurable results. Choose in-person or virtual consultations to unlock your business\u2019s full potential. Book Now MENTORSHIP\u200b Clients participating in our program and\/or, those receiving our services and support, may have the chance to cultivate particular skills and boost their personal and professional advancement through mentorship opportunities. Our mentors may include members of Enterprise Temiskaming, business leaders, or experienced professionals from the Timiskaming District.\u200b Contact Us BUSINESS PLAN DEVELOPMENT\u200b Enterprise Temiskaming offers a Business Plan Overview and guidance to assist you in grasping the necessary components of your Business Plan. Subsequently, they can aid you in crafting your Business Plan by providing advice, a comprehensive business plan guide, supplementary tools and resources, as well as ongoing guidance and support.\u200b Learn More FUNDING OPPORTUNITY INFORMATION Enterprise Temiskaming can assist you in identifying potential funding opportunities for your business through consultations. They can also support you in navigating the application process and connecting with funders to determine eligibility and facilitate the process. Book a Consult RESOURCE LIBRARY The Enterprise Temiskaming team maintains a resource library with numerous business resources accessible to the public. These resources cover a wide range of business-related topics, including taxation, marketing, social media, e-commerce, business registration, employee hiring, intellectual property, workplace safety, not-for-profits, and more. Our social media platforms, particularly our YouTube channel, feature tutorials, step-by-step instructional videos, and additional content for your convenience. Learn More<\/p>","protected":false},"author":1,"featured_media":0,"parent":0,"menu_order":0,"comment_status":"closed","ping_status":"closed","template":"elementor_header_footer","meta":{"footnotes":""},"class_list":["post-246","page","type-page","status-publish","hentry"],"_links":{"self":[{"href":"https:\/\/www.enterprisetemiskaming.ca\/fr\/wp-json\/wp\/v2\/pages\/246","targetHints":{"allow":["GET"]}}],"collection":[{"href":"https:\/\/www.enterprisetemiskaming.ca\/fr\/wp-json\/wp\/v2\/pages"}],"about":[{"href":"https:\/\/www.enterprisetemiskaming.ca\/fr\/wp-json\/wp\/v2\/types\/page"}],"author":[{"embeddable":true,"href":"https:\/\/www.enterprisetemiskaming.ca\/fr\/wp-json\/wp\/v2\/users\/1"}],"replies":[{"embeddable":true,"href":"https:\/\/www.enterprisetemiskaming.ca\/fr\/wp-json\/wp\/v2\/comments?post=246"}],"version-history":[{"count":72,"href":"https:\/\/www.enterprisetemiskaming.ca\/fr\/wp-json\/wp\/v2\/pages\/246\/revisions"}],"predecessor-version":[{"id":1407,"href":"https:\/\/www.enterprisetemiskaming.ca\/fr\/wp-json\/wp\/v2\/pages\/246\/revisions\/1407"}],"wp:attachment":[{"href":"https:\/\/www.enterprisetemiskaming.ca\/fr\/wp-json\/wp\/v2\/media?parent=246"}],"curies":[{"name":"wp","href":"https:\/\/api.w.org\/{rel}","templated":true}]}}