{"id":177,"date":"2018-07-30T19:05:25","date_gmt":"2018-07-31T00:05:25","guid":{"rendered":"http:\/\/wpenglish-staging.whc.ca\/?page_id=10"},"modified":"2025-04-18T14:17:46","modified_gmt":"2025-04-18T18:17:46","slug":"about-us","status":"publish","type":"page","link":"https:\/\/www.enterprisetemiskaming.ca\/fr\/about-us\/","title":{"rendered":"\u00e0 propos de nous"},"content":{"rendered":"<div data-elementor-type=\"wp-post\" data-elementor-id=\"177\" class=\"elementor elementor-177\">\n\t\t\t\t\t\t<section class=\"elementor-section elementor-top-section elementor-element elementor-element-3cf098c elementor-section-boxed elementor-section-height-default elementor-section-height-default wpr-particle-no wpr-jarallax-no wpr-parallax-no wpr-sticky-section-no\" data-id=\"3cf098c\" data-element_type=\"section\">\n\t\t\t\t\t\t<div class=\"elementor-container elementor-column-gap-default\">\n\t\t\t\t\t<div class=\"elementor-column elementor-col-100 elementor-top-column elementor-element elementor-element-476b264\" data-id=\"476b264\" data-element_type=\"column\">\n\t\t\t<div class=\"elementor-widget-wrap elementor-element-populated\">\n\t\t\t\t\t\t<div class=\"elementor-element elementor-element-0af0d64 elementor-widget elementor-widget-image\" data-id=\"0af0d64\" data-element_type=\"widget\" data-widget_type=\"image.default\">\n\t\t\t\t<div class=\"elementor-widget-container\">\n\t\t\t\t\t\t\t\t\t\t\t\t\t\t\t<img fetchpriority=\"high\" decoding=\"async\" width=\"1920\" height=\"700\" src=\"https:\/\/www.enterprisetemiskaming.ca\/wp-content\/uploads\/2025\/02\/2-1.png\" class=\"attachment-full size-full wp-image-1185\" alt=\"\" srcset=\"https:\/\/www.enterprisetemiskaming.ca\/wp-content\/uploads\/2025\/02\/2-1.png 1920w, https:\/\/www.enterprisetemiskaming.ca\/wp-content\/uploads\/2025\/02\/2-1-300x109.png 300w, https:\/\/www.enterprisetemiskaming.ca\/wp-content\/uploads\/2025\/02\/2-1-1024x373.png 1024w, https:\/\/www.enterprisetemiskaming.ca\/wp-content\/uploads\/2025\/02\/2-1-768x280.png 768w, https:\/\/www.enterprisetemiskaming.ca\/wp-content\/uploads\/2025\/02\/2-1-1536x560.png 1536w, https:\/\/www.enterprisetemiskaming.ca\/wp-content\/uploads\/2025\/02\/2-1-18x7.png 18w\" sizes=\"(max-width: 1920px) 100vw, 1920px\" \/>\t\t\t\t\t\t\t\t\t\t\t\t\t\t\t<\/div>\n\t\t\t\t<\/div>\n\t\t\t\t\t<\/div>\n\t\t<\/div>\n\t\t\t\t\t<\/div>\n\t\t<\/section>\n\t\t\t\t<section class=\"elementor-section elementor-top-section elementor-element elementor-element-94032f0 elementor-section-boxed elementor-section-height-default elementor-section-height-default wpr-particle-no wpr-jarallax-no wpr-parallax-no wpr-sticky-section-no\" data-id=\"94032f0\" data-element_type=\"section\" data-settings=\"{&quot;background_background&quot;:&quot;classic&quot;}\">\n\t\t\t\t\t\t<div class=\"elementor-container elementor-column-gap-default\">\n\t\t\t\t\t<div class=\"elementor-column elementor-col-50 elementor-top-column elementor-element elementor-element-3ec36e0\" data-id=\"3ec36e0\" data-element_type=\"column\">\n\t\t\t<div class=\"elementor-widget-wrap elementor-element-populated\">\n\t\t\t\t\t\t<div class=\"elementor-element elementor-element-5c1efe9 elementor-widget elementor-widget-image\" data-id=\"5c1efe9\" data-element_type=\"widget\" data-widget_type=\"image.default\">\n\t\t\t\t<div class=\"elementor-widget-container\">\n\t\t\t\t\t\t\t\t\t\t\t\t\t\t\t<img decoding=\"async\" width=\"800\" height=\"411\" src=\"https:\/\/www.enterprisetemiskaming.ca\/wp-content\/uploads\/2024\/10\/catchment-area-map.jpg\" class=\"attachment-large size-large wp-image-571\" alt=\"\" srcset=\"https:\/\/www.enterprisetemiskaming.ca\/wp-content\/uploads\/2024\/10\/catchment-area-map.jpg 869w, https:\/\/www.enterprisetemiskaming.ca\/wp-content\/uploads\/2024\/10\/catchment-area-map-300x154.jpg 300w, https:\/\/www.enterprisetemiskaming.ca\/wp-content\/uploads\/2024\/10\/catchment-area-map-768x394.jpg 768w\" sizes=\"(max-width: 800px) 100vw, 800px\" \/>\t\t\t\t\t\t\t\t\t\t\t\t\t\t\t<\/div>\n\t\t\t\t<\/div>\n\t\t\t\t\t<\/div>\n\t\t<\/div>\n\t\t\t\t<div class=\"elementor-column elementor-col-50 elementor-top-column elementor-element elementor-element-450a3b0\" data-id=\"450a3b0\" data-element_type=\"column\">\n\t\t\t<div class=\"elementor-widget-wrap elementor-element-populated\">\n\t\t\t\t\t\t<div class=\"elementor-element elementor-element-e63dc09 elementor-widget elementor-widget-heading\" data-id=\"e63dc09\" data-element_type=\"widget\" data-widget_type=\"heading.default\">\n\t\t\t\t<div class=\"elementor-widget-container\">\n\t\t\t\t\t<h2 class=\"elementor-heading-title elementor-size-large\">Soutenir les petites entreprises \u00e0 Timiskaming<\/h2>\t\t\t\t<\/div>\n\t\t\t\t<\/div>\n\t\t\t\t<div class=\"elementor-element elementor-element-3d6e866 elementor-widget elementor-widget-text-editor\" data-id=\"3d6e866\" data-element_type=\"widget\" data-widget_type=\"text-editor.default\">\n\t\t\t\t<div class=\"elementor-widget-container translation-block\">Enterprise Temiskaming est l\u2019un des nombreux centres de petites entreprises (CPE) situ\u00e9s dans la province. Nous fournissons aux entrepreneurs tous les outils dont ils ont besoin pour d\u00e9marrer et d\u00e9velopper leur entreprise. Nos professionnels des affaires vous aideront \u00e0 d\u00e9terminer ce que vous devez faire avant, pendant et apr\u00e8s le lancement de votre entreprise.<\/div>\n\t\t\t\t<\/div>\n\t\t\t\t<div class=\"elementor-element elementor-element-8817be9 elementor-widget elementor-widget-heading\" data-id=\"8817be9\" data-element_type=\"widget\" data-widget_type=\"heading.default\">\n\t\t\t\t<div class=\"elementor-widget-container\">\n\t\t\t\t\t<h2 class=\"elementor-heading-title elementor-size-default\">Notre r\u00e9gion<\/h2>\t\t\t\t<\/div>\n\t\t\t\t<\/div>\n\t\t\t\t<div class=\"elementor-element elementor-element-00405bd elementor-widget elementor-widget-text-editor\" data-id=\"00405bd\" data-element_type=\"widget\" data-widget_type=\"text-editor.default\">\n\t\t\t\t<div class=\"elementor-widget-container\">\n\t\t\t\t\t\t\t\t\t<p>Enterprise Temiskaming actively serves the District of Timiskaming, from Virginiatown to Latchford, and Matachewan to the Quebec border, and is a proud member of the <a href=\"https:\/\/www.sbcontario.ca\/\" target=\"_blank\" rel=\"noopener\">Small Business Centres Ontario network<\/a> (SBC Ontario). If you are not within our service area, we would be happy to refer you to one of the 54 <a href=\"https:\/\/www.ontario.ca\/page\/small-business-enterprise-centre-and-community-based-provider-locations\" target=\"_blank\" rel=\"noopener\">small business enterprise centres<\/a>\u00a0(SBECs) across Ontario.<\/p>\t\t\t\t\t\t\t\t<\/div>\n\t\t\t\t<\/div>\n\t\t\t\t<div class=\"elementor-element elementor-element-16fbf2f elementor-widget elementor-widget-heading\" data-id=\"16fbf2f\" data-element_type=\"widget\" data-widget_type=\"heading.default\">\n\t\t\t\t<div class=\"elementor-widget-container\">\n\t\t\t\t\t<h2 class=\"elementor-heading-title elementor-size-default\">Heures d'ouverture<\/h2>\t\t\t\t<\/div>\n\t\t\t\t<\/div>\n\t\t\t\t<div class=\"elementor-element elementor-element-d14b34d elementor-widget elementor-widget-text-editor\" data-id=\"d14b34d\" data-element_type=\"widget\" data-widget_type=\"text-editor.default\">\n\t\t\t\t<div class=\"elementor-widget-container\">\n\t\t\t\t\t\t\t\t\t<p>Lundi \u2013 vendredi<br \/>8h30 \u2013 16h00<br \/>Ferm\u00e9 tous les jours f\u00e9ri\u00e9s f\u00e9d\u00e9raux<\/p>\t\t\t\t\t\t\t\t<\/div>\n\t\t\t\t<\/div>\n\t\t\t\t\t<\/div>\n\t\t<\/div>\n\t\t\t\t\t<\/div>\n\t\t<\/section>\n\t\t\t\t<section class=\"elementor-section elementor-top-section elementor-element elementor-element-eb817be elementor-section-boxed elementor-section-height-default elementor-section-height-default wpr-particle-no wpr-jarallax-no wpr-parallax-no wpr-sticky-section-no\" data-id=\"eb817be\" data-element_type=\"section\" data-settings=\"{&quot;background_background&quot;:&quot;classic&quot;}\">\n\t\t\t\t\t\t<div class=\"elementor-container elementor-column-gap-default\">\n\t\t\t\t\t<div class=\"elementor-column elementor-col-100 elementor-top-column elementor-element elementor-element-4f2ab8f\" data-id=\"4f2ab8f\" data-element_type=\"column\">\n\t\t\t<div class=\"elementor-widget-wrap elementor-element-populated\">\n\t\t\t\t\t\t<div class=\"elementor-element elementor-element-88af3ba elementor-widget elementor-widget-heading\" data-id=\"88af3ba\" data-element_type=\"widget\" data-widget_type=\"heading.default\">\n\t\t\t\t<div class=\"elementor-widget-container\">\n\t\t\t\t\t<h2 class=\"elementor-heading-title elementor-size-default\">Rencontrer l\u2019\u00e9quipe<\/h2>\t\t\t\t<\/div>\n\t\t\t\t<\/div>\n\t\t\t\t\t<\/div>\n\t\t<\/div>\n\t\t\t\t\t<\/div>\n\t\t<\/section>\n\t\t\t\t<section class=\"elementor-section elementor-top-section elementor-element elementor-element-043f9a1 elementor-section-boxed elementor-section-height-default elementor-section-height-default wpr-particle-no wpr-jarallax-no wpr-parallax-no wpr-sticky-section-no\" data-id=\"043f9a1\" data-element_type=\"section\" data-settings=\"{&quot;background_background&quot;:&quot;classic&quot;}\">\n\t\t\t\t\t\t<div class=\"elementor-container elementor-column-gap-wider\">\n\t\t\t\t\t<div class=\"elementor-column elementor-col-50 elementor-top-column elementor-element elementor-element-ffdec75\" data-id=\"ffdec75\" data-element_type=\"column\">\n\t\t\t<div class=\"elementor-widget-wrap elementor-element-populated\">\n\t\t\t\t\t\t<div class=\"elementor-element elementor-element-db86067 elementor-widget elementor-widget-image\" data-id=\"db86067\" data-element_type=\"widget\" data-widget_type=\"image.default\">\n\t\t\t\t<div class=\"elementor-widget-container\">\n\t\t\t\t\t\t\t\t\t\t\t\t\t\t\t<img decoding=\"async\" width=\"1080\" height=\"1080\" src=\"https:\/\/www.enterprisetemiskaming.ca\/wp-content\/uploads\/2025\/03\/1.png\" class=\"attachment-1536x1536 size-1536x1536 wp-image-1415\" alt=\"\" srcset=\"https:\/\/www.enterprisetemiskaming.ca\/wp-content\/uploads\/2025\/03\/1.png 1080w, https:\/\/www.enterprisetemiskaming.ca\/wp-content\/uploads\/2025\/03\/1-300x300.png 300w, https:\/\/www.enterprisetemiskaming.ca\/wp-content\/uploads\/2025\/03\/1-1024x1024.png 1024w, https:\/\/www.enterprisetemiskaming.ca\/wp-content\/uploads\/2025\/03\/1-150x150.png 150w, https:\/\/www.enterprisetemiskaming.ca\/wp-content\/uploads\/2025\/03\/1-768x768.png 768w, https:\/\/www.enterprisetemiskaming.ca\/wp-content\/uploads\/2025\/03\/1-12x12.png 12w\" sizes=\"(max-width: 1080px) 100vw, 1080px\" \/>\t\t\t\t\t\t\t\t\t\t\t\t\t\t\t<\/div>\n\t\t\t\t<\/div>\n\t\t\t\t<div class=\"elementor-element elementor-element-0ca141b elementor-widget elementor-widget-heading\" data-id=\"0ca141b\" data-element_type=\"widget\" data-widget_type=\"heading.default\">\n\t\t\t\t<div class=\"elementor-widget-container\">\n\t\t\t\t\t<h2 class=\"elementor-heading-title elementor-size-default\">Tamara Mac Donald<\/h2>\t\t\t\t<\/div>\n\t\t\t\t<\/div>\n\t\t\t\t<div class=\"elementor-element elementor-element-85da1a1 elementor-widget elementor-widget-text-editor\" data-id=\"85da1a1\" data-element_type=\"widget\" data-widget_type=\"text-editor.default\">\n\t\t\t\t<div class=\"elementor-widget-container\">\n\t\t\t\t\t\t\t\t\t<p><b><i><span lang=\"FR\">Directrice \u2013 Conseill\u00e8re en affaires<\/span><\/i><\/b><\/p>\t\t\t\t\t\t\t\t<\/div>\n\t\t\t\t<\/div>\n\t\t\t\t<div class=\"elementor-element elementor-element-380c3e4 elementor-widget elementor-widget-text-editor\" data-id=\"380c3e4\" data-element_type=\"widget\" data-widget_type=\"text-editor.default\">\n\t\t\t\t<div class=\"elementor-widget-container\">\n\t\t\t\t\t\t\t\t\t<p>En tant que directrice du Centre pour petites entreprises Enterprise Temiskaming, je m\u2019engage \u00e0 aider les propri\u00e9taires de petites entreprises de la r\u00e9gion de Timiskaming. Gr\u00e2ce \u00e0 mon exp\u00e9rience en coaching d\u2019entreprise et en \u00e9ducation des adultes, j\u2019offre un soutien et des conseils pratiques pour aider les entrepreneurs \u00e0 r\u00e9ussir. Je suis \u00e9galement vice-pr\u00e9sidente de la Chambre de commerce de Timiskaming Shores, o\u00f9 je travaille \u00e0 renforcer les liens commerciaux locaux. Mon int\u00e9r\u00eat pour l\u2019innovation et la collaboration alimente ma passion pour la cr\u00e9ation d\u2019une communaut\u00e9 d\u2019affaires florissante qui soutient une croissance \u00e9conomique durable.<\/p>\t\t\t\t\t\t\t\t<\/div>\n\t\t\t\t<\/div>\n\t\t\t\t\t<\/div>\n\t\t<\/div>\n\t\t\t\t<div class=\"elementor-column elementor-col-50 elementor-top-column elementor-element elementor-element-ca2f2a4\" data-id=\"ca2f2a4\" data-element_type=\"column\">\n\t\t\t<div class=\"elementor-widget-wrap elementor-element-populated\">\n\t\t\t\t\t\t<div class=\"elementor-element elementor-element-607698b elementor-widget elementor-widget-image\" data-id=\"607698b\" data-element_type=\"widget\" data-widget_type=\"image.default\">\n\t\t\t\t<div class=\"elementor-widget-container\">\n\t\t\t\t\t\t\t\t\t\t\t\t\t\t\t<img loading=\"lazy\" decoding=\"async\" width=\"810\" height=\"810\" src=\"https:\/\/www.enterprisetemiskaming.ca\/wp-content\/uploads\/2024\/10\/2.png\" class=\"attachment-1536x1536 size-1536x1536 wp-image-570\" alt=\"\" srcset=\"https:\/\/www.enterprisetemiskaming.ca\/wp-content\/uploads\/2024\/10\/2.png 810w, https:\/\/www.enterprisetemiskaming.ca\/wp-content\/uploads\/2024\/10\/2-300x300.png 300w, https:\/\/www.enterprisetemiskaming.ca\/wp-content\/uploads\/2024\/10\/2-150x150.png 150w, https:\/\/www.enterprisetemiskaming.ca\/wp-content\/uploads\/2024\/10\/2-768x768.png 768w\" sizes=\"(max-width: 810px) 100vw, 810px\" \/>\t\t\t\t\t\t\t\t\t\t\t\t\t\t\t<\/div>\n\t\t\t\t<\/div>\n\t\t\t\t<div class=\"elementor-element elementor-element-9f9b957 elementor-widget elementor-widget-heading\" data-id=\"9f9b957\" data-element_type=\"widget\" data-widget_type=\"heading.default\">\n\t\t\t\t<div class=\"elementor-widget-container\">\n\t\t\t\t\t<h2 class=\"elementor-heading-title elementor-size-default\">Ren\u00e9e Godmaire <\/h2>\t\t\t\t<\/div>\n\t\t\t\t<\/div>\n\t\t\t\t<div class=\"elementor-element elementor-element-fec8537 elementor-widget elementor-widget-heading\" data-id=\"fec8537\" data-element_type=\"widget\" data-widget_type=\"heading.default\">\n\t\t\t\t<div class=\"elementor-widget-container\">\n\t\t\t\t\t<span class=\"elementor-heading-title elementor-size-default\">Administratrice de programmes \/ Conseill\u00e8re en affaires<\/span>\t\t\t\t<\/div>\n\t\t\t\t<\/div>\n\t\t\t\t<div class=\"elementor-element elementor-element-fe0dd2c elementor-widget elementor-widget-text-editor\" data-id=\"fe0dd2c\" data-element_type=\"widget\" data-widget_type=\"text-editor.default\">\n\t\t\t\t<div class=\"elementor-widget-container\">\n\t\t\t\t\t\t\t\t\t<p>En tant qu\u2019administratrice de programmes et conseill\u00e8re en affaires chez Enterprise Temiskaming, j\u2019ai plus de six ans d\u2019exp\u00e9rience dans l\u2019aide aux entrepreneurs locaux pour d\u00e9velopper leurs entreprises. Je suis passionn\u00e9e par l\u2019organisation d\u2019\u00e9v\u00e9nements comme la Semaine de la petite entreprise et la Journ\u00e9e internationale de la femme, l\u2019orientation des plans d\u2019affaires et le soutien des demandes de financement. N\u00e9e et \u00e9lev\u00e9e \u00e0 Timiskaming, je suis fi\u00e8re de ma communaut\u00e9 et de mon h\u00e9ritage francophone. Avec une formation en \u00e9ducation et en marketing, je me consacre \u00e0 favoriser la croissance \u00e9conomique et \u00e0 aider les entreprises \u00e0 prosp\u00e9rer.<\/p>\t\t\t\t\t\t\t\t<\/div>\n\t\t\t\t<\/div>\n\t\t\t\t\t<\/div>\n\t\t<\/div>\n\t\t\t\t\t<\/div>\n\t\t<\/section>\n\t\t\t\t<\/div>","protected":false},"excerpt":{"rendered":"<p>Supporting Small Business in Timiskaming Enterprise Temiskaming is one of several Small Business Centres\u00a0(SBCs) located across the province. We\u00a0provide entrepreneurs with all the tools they need to start and grow their businesses. Our business professionals will help you determine what you need to do before, during and after launching your business. Our Region Enterprise Temiskaming actively serves the District of Timiskaming, from Virginiatown to Latchford, and Matachewan to the Quebec border, and is a proud member of the Small Business Centres Ontario network (SBC Ontario). If you are not within our service area, we would be happy to refer you to one of the 54 small business enterprise centres\u00a0(SBECs) across Ontario. Hours of Operation Monday \u2013 Friday8:30am \u2013 4:00pmClosed on all federal holidays Meet our Team! Tamara Mac Donald Manager &#8211; Business Consultant As the manager of the Enterprise Temiskaming Small Business Centre, I\u2019m committed to empowering small business owners across the Timiskaming region. With a background in business coaching and adult education, I provide practical support and guidance to help entrepreneurs succeed. I\u2019m also the Vice President of the Timiskaming Shores Chamber of Commerce, where I work to strengthen local business connections. My focus on innovation and collaboration drives my passion for creating a thriving business community that supports lasting economic growth. Ren\u00e9e Godmaire Programs Administrator \/ Business Consultant As a Programs Administrator and Business Consultant at Enterprise Temiskaming, I have over six years of experience helping local entrepreneurs grow their businesses. I\u2019m passionate about organizing events like Small Business Week and International Women\u2019s Day, guiding business plans, and supporting funding applications. Born and raised in Timiskaming, I take pride in my community and Francophone heritage. With a background in education and marketing, I\u2019m dedicated to fostering economic growth and helping businesses thrive.<\/p>","protected":false},"author":1,"featured_media":0,"parent":0,"menu_order":0,"comment_status":"closed","ping_status":"closed","template":"elementor_header_footer","meta":{"footnotes":""},"class_list":["post-177","page","type-page","status-publish","hentry"],"_links":{"self":[{"href":"https:\/\/www.enterprisetemiskaming.ca\/fr\/wp-json\/wp\/v2\/pages\/177","targetHints":{"allow":["GET"]}}],"collection":[{"href":"https:\/\/www.enterprisetemiskaming.ca\/fr\/wp-json\/wp\/v2\/pages"}],"about":[{"href":"https:\/\/www.enterprisetemiskaming.ca\/fr\/wp-json\/wp\/v2\/types\/page"}],"author":[{"embeddable":true,"href":"https:\/\/www.enterprisetemiskaming.ca\/fr\/wp-json\/wp\/v2\/users\/1"}],"replies":[{"embeddable":true,"href":"https:\/\/www.enterprisetemiskaming.ca\/fr\/wp-json\/wp\/v2\/comments?post=177"}],"version-history":[{"count":35,"href":"https:\/\/www.enterprisetemiskaming.ca\/fr\/wp-json\/wp\/v2\/pages\/177\/revisions"}],"predecessor-version":[{"id":1472,"href":"https:\/\/www.enterprisetemiskaming.ca\/fr\/wp-json\/wp\/v2\/pages\/177\/revisions\/1472"}],"wp:attachment":[{"href":"https:\/\/www.enterprisetemiskaming.ca\/fr\/wp-json\/wp\/v2\/media?parent=177"}],"curies":[{"name":"wp","href":"https:\/\/api.w.org\/{rel}","templated":true}]}}