{"id":1351,"date":"2025-01-19T13:03:43","date_gmt":"2025-01-19T17:03:43","guid":{"rendered":"https:\/\/www.enterprisetemiskaming.ca\/?page_id=1351"},"modified":"2025-03-09T12:48:48","modified_gmt":"2025-03-09T16:48:48","slug":"develop-a-business-plan","status":"publish","type":"page","link":"https:\/\/www.enterprisetemiskaming.ca\/fr\/develop-a-business-plan\/","title":{"rendered":"\u00c9laborer un plan d\u2019affaires"},"content":{"rendered":"<div data-elementor-type=\"wp-page\" data-elementor-id=\"1351\" class=\"elementor elementor-1351\">\n\t\t\t\t\t\t<section class=\"elementor-section elementor-top-section elementor-element elementor-element-6acf5b5 elementor-section-boxed elementor-section-height-default elementor-section-height-default wpr-particle-no wpr-jarallax-no wpr-parallax-no wpr-sticky-section-no\" data-id=\"6acf5b5\" data-element_type=\"section\">\n\t\t\t\t\t\t<div class=\"elementor-container elementor-column-gap-default\">\n\t\t\t\t\t<div class=\"elementor-column elementor-col-100 elementor-top-column elementor-element elementor-element-de08192\" data-id=\"de08192\" data-element_type=\"column\">\n\t\t\t<div class=\"elementor-widget-wrap elementor-element-populated\">\n\t\t\t\t\t\t<div class=\"elementor-element elementor-element-ce5df2c elementor-widget elementor-widget-image\" data-id=\"ce5df2c\" data-element_type=\"widget\" data-widget_type=\"image.default\">\n\t\t\t\t<div class=\"elementor-widget-container\">\n\t\t\t\t\t\t\t\t\t\t\t\t\t\t\t<img fetchpriority=\"high\" decoding=\"async\" width=\"1920\" height=\"700\" src=\"https:\/\/www.enterprisetemiskaming.ca\/wp-content\/uploads\/2025\/03\/Copy-of-Copy-of-Copy-of-empowering-northern-Ontario.png\" class=\"attachment-full size-full wp-image-1395\" alt=\"\" srcset=\"https:\/\/www.enterprisetemiskaming.ca\/wp-content\/uploads\/2025\/03\/Copy-of-Copy-of-Copy-of-empowering-northern-Ontario.png 1920w, https:\/\/www.enterprisetemiskaming.ca\/wp-content\/uploads\/2025\/03\/Copy-of-Copy-of-Copy-of-empowering-northern-Ontario-300x109.png 300w, https:\/\/www.enterprisetemiskaming.ca\/wp-content\/uploads\/2025\/03\/Copy-of-Copy-of-Copy-of-empowering-northern-Ontario-1024x373.png 1024w, https:\/\/www.enterprisetemiskaming.ca\/wp-content\/uploads\/2025\/03\/Copy-of-Copy-of-Copy-of-empowering-northern-Ontario-768x280.png 768w, https:\/\/www.enterprisetemiskaming.ca\/wp-content\/uploads\/2025\/03\/Copy-of-Copy-of-Copy-of-empowering-northern-Ontario-1536x560.png 1536w, https:\/\/www.enterprisetemiskaming.ca\/wp-content\/uploads\/2025\/03\/Copy-of-Copy-of-Copy-of-empowering-northern-Ontario-18x7.png 18w\" sizes=\"(max-width: 1920px) 100vw, 1920px\" \/>\t\t\t\t\t\t\t\t\t\t\t\t\t\t\t<\/div>\n\t\t\t\t<\/div>\n\t\t\t\t\t<\/div>\n\t\t<\/div>\n\t\t\t\t\t<\/div>\n\t\t<\/section>\n\t\t\t\t<section class=\"elementor-section elementor-top-section elementor-element elementor-element-1355dc2 elementor-section-boxed elementor-section-height-default elementor-section-height-default wpr-particle-no wpr-jarallax-no wpr-parallax-no wpr-sticky-section-no\" data-id=\"1355dc2\" data-element_type=\"section\">\n\t\t\t\t\t\t<div class=\"elementor-container elementor-column-gap-default\">\n\t\t\t\t\t<div class=\"elementor-column elementor-col-100 elementor-top-column elementor-element elementor-element-786f2cf\" data-id=\"786f2cf\" data-element_type=\"column\">\n\t\t\t<div class=\"elementor-widget-wrap elementor-element-populated\">\n\t\t\t\t\t\t<div class=\"elementor-element elementor-element-74c3946 elementor-widget elementor-widget-spacer\" data-id=\"74c3946\" data-element_type=\"widget\" data-widget_type=\"spacer.default\">\n\t\t\t\t<div class=\"elementor-widget-container\">\n\t\t\t\t\t\t\t<div class=\"elementor-spacer\">\n\t\t\t<div class=\"elementor-spacer-inner\"><\/div>\n\t\t<\/div>\n\t\t\t\t\t\t<\/div>\n\t\t\t\t<\/div>\n\t\t\t\t\t<\/div>\n\t\t<\/div>\n\t\t\t\t\t<\/div>\n\t\t<\/section>\n\t\t\t\t<section class=\"elementor-section elementor-top-section elementor-element elementor-element-4e329e3 elementor-section-boxed elementor-section-height-default elementor-section-height-default wpr-particle-no wpr-jarallax-no wpr-parallax-no wpr-sticky-section-no\" data-id=\"4e329e3\" data-element_type=\"section\">\n\t\t\t\t\t\t<div class=\"elementor-container elementor-column-gap-default\">\n\t\t\t\t\t<div class=\"elementor-column elementor-col-66 elementor-top-column elementor-element elementor-element-4210381\" data-id=\"4210381\" data-element_type=\"column\">\n\t\t\t<div class=\"elementor-widget-wrap elementor-element-populated\">\n\t\t\t\t\t\t<div class=\"elementor-element elementor-element-1bcfd3d elementor-widget elementor-widget-heading\" data-id=\"1bcfd3d\" data-element_type=\"widget\" data-widget_type=\"heading.default\">\n\t\t\t\t<div class=\"elementor-widget-container\">\n\t\t\t\t\t<h2 class=\"elementor-heading-title elementor-size-default\">Guide de d\u00e9marrage<\/h2>\t\t\t\t<\/div>\n\t\t\t\t<\/div>\n\t\t\t\t<div class=\"elementor-element elementor-element-2a69724 elementor-widget elementor-widget-text-editor\" data-id=\"2a69724\" data-element_type=\"widget\" data-widget_type=\"text-editor.default\">\n\t\t\t\t<div class=\"elementor-widget-container\">\n\t\t\t\t\t\t\t\t\t<p><strong>D\u00e9marrez votre parcours d\u2019entreprise en toute confiance !<\/strong><\/p><p class=\"translation-block\">Le guide de d\u00e9marrage d\u2019Enterprise Temiskaming est votre ressource ultime pour lancer une petite entreprise prosp\u00e8re. Rempli d\u2019outils pratiques, de conseils d\u2019experts et de conseils \u00e9tape par \u00e9tape, ce guide complet couvre tout, du choix de la bonne structure d\u2019entreprise et de l\u2019\u00e9laboration d\u2019un plan d\u2019affaires solide \u00e0 la navigation dans les licences, les taxes et les possibilit\u00e9s de financement. Que vous r\u00e9fl\u00e9chissiez \u00e0 votre premi\u00e8re id\u00e9e ou que vous vous pr\u00e9pariez \u00e0 la croissance, ce guide vous couvre.<\/p><p>T\u00e9l\u00e9chargez-le maintenant et faites le premier pas vers la concr\u00e9tisation de votre r\u00eave entrepreneurial !<\/p>\t\t\t\t\t\t\t\t<\/div>\n\t\t\t\t<\/div>\n\t\t\t\t<div class=\"elementor-element elementor-element-f009fee elementor-widget elementor-widget-button\" data-id=\"f009fee\" data-element_type=\"widget\" data-widget_type=\"button.default\">\n\t\t\t\t<div class=\"elementor-widget-container\">\n\t\t\t\t\t\t\t\t\t<div class=\"elementor-button-wrapper\">\n\t\t\t\t\t<a class=\"elementor-button elementor-button-link elementor-size-sm\" href=\"https:\/\/www.enterprisetemiskaming.ca\/wp-content\/uploads\/2025\/07\/Start-up-Guide-2018-FINAL-2-march-2020-Fra.pdf\">\n\t\t\t\t\t\t<span class=\"elementor-button-content-wrapper\">\n\t\t\t\t\t\t\t\t\t<span class=\"elementor-button-text\">T\u00e9l\u00e9charger le guide<\/span>\n\t\t\t\t\t<\/span>\n\t\t\t\t\t<\/a>\n\t\t\t\t<\/div>\n\t\t\t\t\t\t\t\t<\/div>\n\t\t\t\t<\/div>\n\t\t\t\t\t<\/div>\n\t\t<\/div>\n\t\t\t\t<div class=\"elementor-column elementor-col-33 elementor-top-column elementor-element elementor-element-ce7078f\" data-id=\"ce7078f\" data-element_type=\"column\">\n\t\t\t<div class=\"elementor-widget-wrap elementor-element-populated\">\n\t\t\t\t\t\t<div class=\"elementor-element elementor-element-21f05a9 elementor-widget elementor-widget-image\" data-id=\"21f05a9\" data-element_type=\"widget\" data-widget_type=\"image.default\">\n\t\t\t\t<div class=\"elementor-widget-container\">\n\t\t\t\t\t\t\t\t\t\t\t\t\t\t\t<img decoding=\"async\" width=\"800\" height=\"445\" src=\"https:\/\/www.enterprisetemiskaming.ca\/wp-content\/uploads\/2024\/11\/2-4-1024x569.png\" class=\"attachment-large size-large wp-image-822\" alt=\"\" srcset=\"https:\/\/www.enterprisetemiskaming.ca\/wp-content\/uploads\/2024\/11\/2-4-1024x569.png 1024w, https:\/\/www.enterprisetemiskaming.ca\/wp-content\/uploads\/2024\/11\/2-4-300x167.png 300w, https:\/\/www.enterprisetemiskaming.ca\/wp-content\/uploads\/2024\/11\/2-4-768x427.png 768w, https:\/\/www.enterprisetemiskaming.ca\/wp-content\/uploads\/2024\/11\/2-4.png 1080w\" sizes=\"(max-width: 800px) 100vw, 800px\" \/>\t\t\t\t\t\t\t\t\t\t\t\t\t\t\t<\/div>\n\t\t\t\t<\/div>\n\t\t\t\t\t<\/div>\n\t\t<\/div>\n\t\t\t\t\t<\/div>\n\t\t<\/section>\n\t\t\t\t<section class=\"elementor-section elementor-top-section elementor-element elementor-element-e205ad2 elementor-section-boxed elementor-section-height-default elementor-section-height-default wpr-particle-no wpr-jarallax-no wpr-parallax-no wpr-sticky-section-no\" data-id=\"e205ad2\" data-element_type=\"section\">\n\t\t\t\t\t\t<div class=\"elementor-container elementor-column-gap-default\">\n\t\t\t\t\t<div class=\"elementor-column elementor-col-100 elementor-top-column elementor-element elementor-element-bda74a8\" data-id=\"bda74a8\" data-element_type=\"column\">\n\t\t\t<div class=\"elementor-widget-wrap elementor-element-populated\">\n\t\t\t\t\t\t<div class=\"elementor-element elementor-element-44d4959 elementor-widget elementor-widget-spacer\" data-id=\"44d4959\" data-element_type=\"widget\" data-widget_type=\"spacer.default\">\n\t\t\t\t<div class=\"elementor-widget-container\">\n\t\t\t\t\t\t\t<div class=\"elementor-spacer\">\n\t\t\t<div class=\"elementor-spacer-inner\"><\/div>\n\t\t<\/div>\n\t\t\t\t\t\t<\/div>\n\t\t\t\t<\/div>\n\t\t\t\t\t<\/div>\n\t\t<\/div>\n\t\t\t\t\t<\/div>\n\t\t<\/section>\n\t\t\t\t<section class=\"elementor-section elementor-top-section elementor-element elementor-element-bca7db6 elementor-section-boxed elementor-section-height-default elementor-section-height-default wpr-particle-no wpr-jarallax-no wpr-parallax-no wpr-sticky-section-no\" data-id=\"bca7db6\" data-element_type=\"section\" data-settings=\"{&quot;background_background&quot;:&quot;classic&quot;}\">\n\t\t\t\t\t\t<div class=\"elementor-container elementor-column-gap-default\">\n\t\t\t\t\t<div class=\"elementor-column elementor-col-33 elementor-top-column elementor-element elementor-element-c52fc70\" data-id=\"c52fc70\" data-element_type=\"column\">\n\t\t\t<div class=\"elementor-widget-wrap elementor-element-populated\">\n\t\t\t\t\t\t<div class=\"elementor-element elementor-element-1a47ce2 elementor-widget elementor-widget-image\" data-id=\"1a47ce2\" data-element_type=\"widget\" data-widget_type=\"image.default\">\n\t\t\t\t<div class=\"elementor-widget-container\">\n\t\t\t\t\t\t\t\t\t\t\t\t\t\t\t<img decoding=\"async\" width=\"800\" height=\"800\" src=\"https:\/\/www.enterprisetemiskaming.ca\/wp-content\/uploads\/2024\/11\/3-1024x1024.png\" class=\"attachment-large size-large wp-image-736\" alt=\"\" srcset=\"https:\/\/www.enterprisetemiskaming.ca\/wp-content\/uploads\/2024\/11\/3-1024x1024.png 1024w, https:\/\/www.enterprisetemiskaming.ca\/wp-content\/uploads\/2024\/11\/3-300x300.png 300w, https:\/\/www.enterprisetemiskaming.ca\/wp-content\/uploads\/2024\/11\/3-150x150.png 150w, https:\/\/www.enterprisetemiskaming.ca\/wp-content\/uploads\/2024\/11\/3-768x768.png 768w, https:\/\/www.enterprisetemiskaming.ca\/wp-content\/uploads\/2024\/11\/3.png 1080w\" sizes=\"(max-width: 800px) 100vw, 800px\" \/>\t\t\t\t\t\t\t\t\t\t\t\t\t\t\t<\/div>\n\t\t\t\t<\/div>\n\t\t\t\t\t<\/div>\n\t\t<\/div>\n\t\t\t\t<div class=\"elementor-column elementor-col-66 elementor-top-column elementor-element elementor-element-1de8376\" data-id=\"1de8376\" data-element_type=\"column\">\n\t\t\t<div class=\"elementor-widget-wrap elementor-element-populated\">\n\t\t\t\t\t\t<div class=\"elementor-element elementor-element-def4771 elementor-widget elementor-widget-heading\" data-id=\"def4771\" data-element_type=\"widget\" data-widget_type=\"heading.default\">\n\t\t\t\t<div class=\"elementor-widget-container\">\n\t\t\t\t\t<h2 class=\"elementor-heading-title elementor-size-default\">Mod\u00e8le de plan d'affaires<\/h2>\t\t\t\t<\/div>\n\t\t\t\t<\/div>\n\t\t\t\t<div class=\"elementor-element elementor-element-6fb091f elementor-widget elementor-widget-text-editor\" data-id=\"6fb091f\" data-element_type=\"widget\" data-widget_type=\"text-editor.default\">\n\t\t\t\t<div class=\"elementor-widget-container\">\n\t\t\t\t\t\t\t\t\t<p><strong>Transformez votre vision d'entreprise en un plan de r\u00e9ussite !<\/strong><\/p><p class=\"translation-block\">Le mod\u00e8le de plan d'affaires \u00e0 remplir est un outil dynamique con\u00e7u pour guider les entrepreneurs dans la cr\u00e9ation d'un plan d'affaires complet et professionnel. Avec des sections claires couvrant les \u00e9tudes de march\u00e9, la planification op\u00e9rationnelle, les projections financi\u00e8res et les strat\u00e9gies marketing, ce mod\u00e8le garantit que chaque aspect de votre entreprise est d\u00e9velopp\u00e9 de mani\u00e8re r\u00e9fl\u00e9chie.<\/p><p>Que vous pr\u00e9sentiez votre projet \u00e0 des investisseurs, que vous recherchiez un financement ou que vous organisiez vos id\u00e9es, ce mod\u00e8le fournit un cadre convivial, \u00e9tape par \u00e9tape, qui simplifie le processus. T\u00e9l\u00e9chargez-le maintenant et commencez \u00e0 transformer votre id\u00e9e d'entreprise en un plan d\u00e9taill\u00e9 de croissance et de r\u00e9ussite !<\/p>\t\t\t\t\t\t\t\t<\/div>\n\t\t\t\t<\/div>\n\t\t\t\t<div class=\"elementor-element elementor-element-e5ca7a0 elementor-widget elementor-widget-button\" data-id=\"e5ca7a0\" data-element_type=\"widget\" data-widget_type=\"button.default\">\n\t\t\t\t<div class=\"elementor-widget-container\">\n\t\t\t\t\t\t\t\t\t<div class=\"elementor-button-wrapper\">\n\t\t\t\t\t<a class=\"elementor-button elementor-button-link elementor-size-sm\" href=\"https:\/\/www.enterprisetemiskaming.ca\/wp-content\/uploads\/2025\/03\/Business-Plan-Guide-March-2025-copy-compressed.pdf\">\n\t\t\t\t\t\t<span class=\"elementor-button-content-wrapper\">\n\t\t\t\t\t\t\t\t\t<span class=\"elementor-button-text\">T\u00e9l\u00e9chargez le mod\u00e8le<\/span>\n\t\t\t\t\t<\/span>\n\t\t\t\t\t<\/a>\n\t\t\t\t<\/div>\n\t\t\t\t\t\t\t\t<\/div>\n\t\t\t\t<\/div>\n\t\t\t\t\t<\/div>\n\t\t<\/div>\n\t\t\t\t\t<\/div>\n\t\t<\/section>\n\t\t\t\t<section class=\"elementor-section elementor-top-section elementor-element elementor-element-eccd9cb elementor-section-boxed elementor-section-height-default elementor-section-height-default wpr-particle-no wpr-jarallax-no wpr-parallax-no wpr-sticky-section-no\" data-id=\"eccd9cb\" data-element_type=\"section\">\n\t\t\t\t\t\t<div class=\"elementor-container elementor-column-gap-default\">\n\t\t\t\t\t<div class=\"elementor-column elementor-col-100 elementor-top-column elementor-element elementor-element-a196544\" data-id=\"a196544\" data-element_type=\"column\">\n\t\t\t<div class=\"elementor-widget-wrap elementor-element-populated\">\n\t\t\t\t\t\t<div class=\"elementor-element elementor-element-1e6ebe7 elementor-widget elementor-widget-spacer\" data-id=\"1e6ebe7\" data-element_type=\"widget\" data-widget_type=\"spacer.default\">\n\t\t\t\t<div class=\"elementor-widget-container\">\n\t\t\t\t\t\t\t<div class=\"elementor-spacer\">\n\t\t\t<div class=\"elementor-spacer-inner\"><\/div>\n\t\t<\/div>\n\t\t\t\t\t\t<\/div>\n\t\t\t\t<\/div>\n\t\t\t\t\t<\/div>\n\t\t<\/div>\n\t\t\t\t\t<\/div>\n\t\t<\/section>\n\t\t\t\t<section class=\"elementor-section elementor-top-section elementor-element elementor-element-782f39c elementor-section-boxed elementor-section-height-default elementor-section-height-default wpr-particle-no wpr-jarallax-no wpr-parallax-no wpr-sticky-section-no\" data-id=\"782f39c\" data-element_type=\"section\">\n\t\t\t\t\t\t<div class=\"elementor-container elementor-column-gap-default\">\n\t\t\t\t\t<div class=\"elementor-column elementor-col-66 elementor-top-column elementor-element elementor-element-5b4fa70\" data-id=\"5b4fa70\" data-element_type=\"column\">\n\t\t\t<div class=\"elementor-widget-wrap elementor-element-populated\">\n\t\t\t\t\t\t<div class=\"elementor-element elementor-element-c24c57c elementor-widget elementor-widget-heading\" data-id=\"c24c57c\" data-element_type=\"widget\" data-widget_type=\"heading.default\">\n\t\t\t\t<div class=\"elementor-widget-container\">\n\t\t\t\t\t<h2 class=\"elementor-heading-title elementor-size-default\">Cahier de travail pour le plan financier<\/h2>\t\t\t\t<\/div>\n\t\t\t\t<\/div>\n\t\t\t\t<div class=\"elementor-element elementor-element-9297e85 elementor-widget elementor-widget-text-editor\" data-id=\"9297e85\" data-element_type=\"widget\" data-widget_type=\"text-editor.default\">\n\t\t\t\t<div class=\"elementor-widget-container\">\n\t\t\t\t\t\t\t\t\t<p><strong>Simplifiez les finances de votre entreprise avec notre cahier de travail!<\/strong><\/p><p class=\"translation-block\">Le mod\u00e8le de cahier de travail pour le plan financier est votre guide essentiel pour ma\u00eetriser la planification financi\u00e8re de votre entreprise. Cet outil est con\u00e7u pour les entrepreneurs et fournit des feuilles d\u00e9taill\u00e9es pour :<\/p><ul><li>Les co\u00fbts de d\u00e9marrage<\/li><li>La planification et l'administration fiscales<\/li><li>Les estimations des ventes et les flux de tr\u00e9sorerie pour les trois premi\u00e8res ann\u00e9es<\/li><li>Les comptes de r\u00e9sultat et les bilans<\/li><\/ul><p>Que vous vous pr\u00e9pariez \u00e0 cr\u00e9er une nouvelle entreprise ou que vous affiniez vos op\u00e9rations existantes, ce cahier de travail garantit clart\u00e9 et organisation dans votre strat\u00e9gie financi\u00e8re. T\u00e9l\u00e9chargez-le maintenant et gagnez la confiance n\u00e9cessaire pour prendre des d\u00e9cisions \u00e9clair\u00e9es pour la r\u00e9ussite de votre entreprise !<\/p>\t\t\t\t\t\t\t\t<\/div>\n\t\t\t\t<\/div>\n\t\t\t\t<div class=\"elementor-element elementor-element-8b7377d elementor-widget elementor-widget-button\" data-id=\"8b7377d\" data-element_type=\"widget\" data-widget_type=\"button.default\">\n\t\t\t\t<div class=\"elementor-widget-container\">\n\t\t\t\t\t\t\t\t\t<div class=\"elementor-button-wrapper\">\n\t\t\t\t\t<a class=\"elementor-button elementor-button-link elementor-size-sm\" href=\"https:\/\/www.enterprisetemiskaming.ca\/wp-content\/uploads\/2025\/01\/Copy-of-E.T.-Financial-Plan-Workbook-template-simplified-YE-Dec-31f.xlsx\">\n\t\t\t\t\t\t<span class=\"elementor-button-content-wrapper\">\n\t\t\t\t\t\t\t\t\t<span class=\"elementor-button-text\">T\u00e9l\u00e9chargez maintenant<\/span>\n\t\t\t\t\t<\/span>\n\t\t\t\t\t<\/a>\n\t\t\t\t<\/div>\n\t\t\t\t\t\t\t\t<\/div>\n\t\t\t\t<\/div>\n\t\t\t\t\t<\/div>\n\t\t<\/div>\n\t\t\t\t<div class=\"elementor-column elementor-col-33 elementor-top-column elementor-element elementor-element-123de45\" data-id=\"123de45\" data-element_type=\"column\">\n\t\t\t<div class=\"elementor-widget-wrap elementor-element-populated\">\n\t\t\t\t\t\t<div class=\"elementor-element elementor-element-1afe173 elementor-widget elementor-widget-image\" data-id=\"1afe173\" data-element_type=\"widget\" data-widget_type=\"image.default\">\n\t\t\t\t<div class=\"elementor-widget-container\">\n\t\t\t\t\t\t\t\t\t\t\t\t\t\t\t<img loading=\"lazy\" decoding=\"async\" width=\"800\" height=\"800\" src=\"https:\/\/www.enterprisetemiskaming.ca\/wp-content\/uploads\/2024\/11\/Untitled-design-50-1024x1024.png\" class=\"attachment-large size-large wp-image-741\" alt=\"\" srcset=\"https:\/\/www.enterprisetemiskaming.ca\/wp-content\/uploads\/2024\/11\/Untitled-design-50-1024x1024.png 1024w, https:\/\/www.enterprisetemiskaming.ca\/wp-content\/uploads\/2024\/11\/Untitled-design-50-300x300.png 300w, https:\/\/www.enterprisetemiskaming.ca\/wp-content\/uploads\/2024\/11\/Untitled-design-50-150x150.png 150w, https:\/\/www.enterprisetemiskaming.ca\/wp-content\/uploads\/2024\/11\/Untitled-design-50-768x768.png 768w, https:\/\/www.enterprisetemiskaming.ca\/wp-content\/uploads\/2024\/11\/Untitled-design-50-1536x1536.png 1536w, https:\/\/www.enterprisetemiskaming.ca\/wp-content\/uploads\/2024\/11\/Untitled-design-50-2048x2048.png 2048w\" sizes=\"(max-width: 800px) 100vw, 800px\" \/>\t\t\t\t\t\t\t\t\t\t\t\t\t\t\t<\/div>\n\t\t\t\t<\/div>\n\t\t\t\t\t<\/div>\n\t\t<\/div>\n\t\t\t\t\t<\/div>\n\t\t<\/section>\n\t\t\t\t<\/div>","protected":false},"excerpt":{"rendered":"<p>Start Up Guide Kickstart Your Business Journey with Confidence! The Start-Up Guide from Enterprise Temiskaming is your ultimate resource for launching a successful small business. Packed with practical tools, expert tips, and step-by-step guidance, this comprehensive guide covers everything from choosing the right business structure and crafting a solid business plan to navigating licenses, taxes, and funding opportunities. Whether you&#8217;re brainstorming your first idea or gearing up for growth, this guide has you covered. Download it now and take the first step toward turning your entrepreneurial dream into reality! Download Guide Business Plan Template Turn Your Business Vision into a Plan for Success! The Fillable Business Plan Template is a dynamic tool designed to guide entrepreneurs through creating a comprehensive and professional business plan. With clear sections covering market research, operational planning, financial projections, and marketing strategies, this template ensures every aspect of your business is thoughtfully developed. Whether you&#8217;re pitching to investors, seeking funding, or organizing your ideas, this template provides a user-friendly, step-by-step framework that simplifies the process. Download it now and start transforming your business idea into a detailed plan for growth and success! Download the template Financial Plan Workbook Simplify Your Business Finances with Our Comprehensive Workbook! The Financial Plan Workbook Template is your essential guide to mastering your business&#8217;s financial planning. This user-friendly tool is designed for entrepreneurs, providing detailed sheets for: Start-up costs Tax planning and administration Sales estimates and cash flow for the first three years Income statements and balance sheets Whether you&#8217;re preparing for a new venture or fine-tuning your existing operations, this workbook ensures clarity and organization in your financial strategy. Download it now and gain the confidence to make informed decisions for your business&#8217;s success! Download Now<\/p>","protected":false},"author":1,"featured_media":0,"parent":0,"menu_order":0,"comment_status":"closed","ping_status":"closed","template":"elementor_header_footer","meta":{"footnotes":""},"class_list":["post-1351","page","type-page","status-publish","hentry"],"_links":{"self":[{"href":"https:\/\/www.enterprisetemiskaming.ca\/fr\/wp-json\/wp\/v2\/pages\/1351","targetHints":{"allow":["GET"]}}],"collection":[{"href":"https:\/\/www.enterprisetemiskaming.ca\/fr\/wp-json\/wp\/v2\/pages"}],"about":[{"href":"https:\/\/www.enterprisetemiskaming.ca\/fr\/wp-json\/wp\/v2\/types\/page"}],"author":[{"embeddable":true,"href":"https:\/\/www.enterprisetemiskaming.ca\/fr\/wp-json\/wp\/v2\/users\/1"}],"replies":[{"embeddable":true,"href":"https:\/\/www.enterprisetemiskaming.ca\/fr\/wp-json\/wp\/v2\/comments?post=1351"}],"version-history":[{"count":10,"href":"https:\/\/www.enterprisetemiskaming.ca\/fr\/wp-json\/wp\/v2\/pages\/1351\/revisions"}],"predecessor-version":[{"id":1439,"href":"https:\/\/www.enterprisetemiskaming.ca\/fr\/wp-json\/wp\/v2\/pages\/1351\/revisions\/1439"}],"wp:attachment":[{"href":"https:\/\/www.enterprisetemiskaming.ca\/fr\/wp-json\/wp\/v2\/media?parent=1351"}],"curies":[{"name":"wp","href":"https:\/\/api.w.org\/{rel}","templated":true}]}}